{"id":26978,"date":"2026-02-17T21:50:14","date_gmt":"2026-02-17T20:50:14","guid":{"rendered":"https:\/\/www.omniatravel.be\/omnia-travel-recovers-a-gold-medal-at-ecovadis-2026\/"},"modified":"2026-02-20T17:46:45","modified_gmt":"2026-02-20T16:46:45","slug":"omnia-travel-recovers-a-gold-medal-at-ecovadis-2026","status":"publish","type":"page","link":"https:\/\/www.omniatravel.be\/fr\/omnia-travel-recovers-a-gold-medal-at-ecovadis-2026\/","title":{"rendered":"Omnia Travel remporte une nouvelle m\u00e9daille d&rsquo;or \u00e0 EcoVadis 2026"},"content":{"rendered":"\t\t<div data-elementor-type=\"wp-page\" data-elementor-id=\"26978\" class=\"elementor elementor-26978 elementor-26953\" data-elementor-post-type=\"page\">\n\t\t\t\t<div class=\"elementor-element elementor-element-9dda371 e-con-full e-flex e-con e-parent\" data-id=\"9dda371\" data-element_type=\"container\" data-e-type=\"container\" data-settings=\"{&quot;background_background&quot;:&quot;classic&quot;}\">\n\t\t<div class=\"elementor-element elementor-element-b9e8bc7 e-flex e-con-boxed e-con e-child\" data-id=\"b9e8bc7\" data-element_type=\"container\" data-e-type=\"container\">\n\t\t\t\t\t<div class=\"e-con-inner\">\n\t\t\t\t<div class=\"elementor-element elementor-element-7e18084 elementor-widget elementor-widget-heading\" data-id=\"7e18084\" data-element_type=\"widget\" data-e-type=\"widget\" data-widget_type=\"heading.default\">\n\t\t\t\t<div class=\"elementor-widget-container\">\n\t\t\t\t\t<h1 class=\"elementor-heading-title elementor-size-default\">Omnia Travel obtient \u00e0 nouveau la m\u00e9daille d'or<\/h1>\t\t\t\t<\/div>\n\t\t\t\t<\/div>\n\t\t\t\t\t<\/div>\n\t\t\t\t<\/div>\n\t\t\t\t<\/div>\n\t\t<div class=\"elementor-element elementor-element-eb8cb53 e-flex e-con-boxed e-con e-parent\" data-id=\"eb8cb53\" data-element_type=\"container\" data-e-type=\"container\">\n\t\t\t\t\t<div class=\"e-con-inner\">\n\t\t\t\t<div class=\"elementor-element elementor-element-2106cc5 elementor-widget elementor-widget-global elementor-global-12978 elementor-widget-shortcode\" data-id=\"2106cc5\" data-element_type=\"widget\" data-e-type=\"widget\" data-widget_type=\"shortcode.default\">\n\t\t\t\t<div class=\"elementor-widget-container\">\n\t\t\t\t\t\t\t<div class=\"elementor-shortcode\"><span style=\"font-family: Roboto-SelfHosted, sans-serif; font-size:0.82em;font-weight:normal;\"><nav aria-label=\"breadcrumbs\" class=\"rank-math-breadcrumb\"><p><span class=\"last\">Home<\/span><\/p><\/nav><\/span><\/div>\n\t\t\t\t\t\t<\/div>\n\t\t\t\t<\/div>\n\t\t\t\t\t<\/div>\n\t\t\t\t<\/div>\n\t\t<div class=\"elementor-element elementor-element-a2b4aa9 e-flex e-con-boxed e-con e-parent\" data-id=\"a2b4aa9\" data-element_type=\"container\" data-e-type=\"container\" data-settings=\"{&quot;background_background&quot;:&quot;classic&quot;}\">\n\t\t\t\t\t<div class=\"e-con-inner\">\n\t\t<div class=\"elementor-element elementor-element-dd24e29 e-con-full e-flex e-con e-child\" data-id=\"dd24e29\" data-element_type=\"container\" data-e-type=\"container\" data-settings=\"{&quot;background_background&quot;:&quot;classic&quot;}\">\n\t\t<div class=\"elementor-element elementor-element-2f29c61 e-con-full e-flex e-con e-child\" data-id=\"2f29c61\" data-element_type=\"container\" data-e-type=\"container\">\n\t\t\t\t<div class=\"elementor-element elementor-element-efcd13c elementor-widget elementor-widget-image\" data-id=\"efcd13c\" data-element_type=\"widget\" data-e-type=\"widget\" data-widget_type=\"image.default\">\n\t\t\t\t<div class=\"elementor-widget-container\">\n\t\t\t\t\t\t\t\t\t\t\t\t\t\t\t<img fetchpriority=\"high\" decoding=\"async\" width=\"1000\" height=\"250\" src=\"https:\/\/www.omniatravel.be\/wp-content\/uploads\/2025\/02\/ecovadis_header_web.png\" class=\"attachment-full size-full wp-image-23270\" alt=\"\" srcset=\"https:\/\/www.omniatravel.be\/wp-content\/uploads\/2025\/02\/ecovadis_header_web.png 1000w, https:\/\/www.omniatravel.be\/wp-content\/uploads\/2025\/02\/ecovadis_header_web-300x75.png 300w, https:\/\/www.omniatravel.be\/wp-content\/uploads\/2025\/02\/ecovadis_header_web-768x192.png 768w\" sizes=\"(max-width: 1000px) 100vw, 1000px\" title=\"\">\t\t\t\t\t\t\t\t\t\t\t\t\t\t\t<\/div>\n\t\t\t\t<\/div>\n\t\t\t\t<\/div>\n\t\t<div class=\"elementor-element elementor-element-8a0bd82 e-con-full e-flex e-con e-child\" data-id=\"8a0bd82\" data-element_type=\"container\" data-e-type=\"container\">\n\t\t<div class=\"elementor-element elementor-element-8b3763e e-con-full e-flex e-con e-child\" data-id=\"8b3763e\" data-element_type=\"container\" data-e-type=\"container\">\n\t\t\t\t<div class=\"elementor-element elementor-element-1f8dec4 elementor-widget elementor-widget-image\" data-id=\"1f8dec4\" data-element_type=\"widget\" data-e-type=\"widget\" data-widget_type=\"image.default\">\n\t\t\t\t<div class=\"elementor-widget-container\">\n\t\t\t\t\t\t\t\t\t\t\t\t<figure class=\"wp-caption\">\n\t\t\t\t\t\t\t\t\t\t<img decoding=\"async\" width=\"1080\" height=\"1080\" src=\"https:\/\/www.omniatravel.be\/wp-content\/uploads\/2026\/02\/ecovadis-award-plain-2026.jpg\" class=\"attachment-full size-full wp-image-26961\" alt=\"\" srcset=\"https:\/\/www.omniatravel.be\/wp-content\/uploads\/2026\/02\/ecovadis-award-plain-2026.jpg 1080w, https:\/\/www.omniatravel.be\/wp-content\/uploads\/2026\/02\/ecovadis-award-plain-2026-300x300.jpg 300w, https:\/\/www.omniatravel.be\/wp-content\/uploads\/2026\/02\/ecovadis-award-plain-2026-1024x1024.jpg 1024w, https:\/\/www.omniatravel.be\/wp-content\/uploads\/2026\/02\/ecovadis-award-plain-2026-150x150.jpg 150w, https:\/\/www.omniatravel.be\/wp-content\/uploads\/2026\/02\/ecovadis-award-plain-2026-768x768.jpg 768w\" sizes=\"(max-width: 1080px) 100vw, 1080px\" title=\"\">\t\t\t\t\t\t\t\t\t\t\t<figcaption class=\"widget-image-caption wp-caption-text\">Ecovadis a pass\u00e9 au crible plus de 150 000 entreprises dans 185 pays et dans 250 secteurs.<\/figcaption>\n\t\t\t\t\t\t\t\t\t\t<\/figure>\n\t\t\t\t\t\t\t\t\t<\/div>\n\t\t\t\t<\/div>\n\t\t\t\t<\/div>\n\t\t\t\t<\/div>\n\t\t<div class=\"elementor-element elementor-element-2bf31f5 e-con-full e-flex e-con e-child\" data-id=\"2bf31f5\" data-element_type=\"container\" data-e-type=\"container\" data-settings=\"{&quot;background_background&quot;:&quot;classic&quot;}\">\n\t\t<div class=\"elementor-element elementor-element-030e63f e-con-full e-flex e-con e-child\" data-id=\"030e63f\" data-element_type=\"container\" data-e-type=\"container\">\n\t\t\t\t<div class=\"elementor-element elementor-element-44fee72 elementor-widget elementor-widget-text-editor\" data-id=\"44fee72\" data-element_type=\"widget\" data-e-type=\"widget\" data-widget_type=\"text-editor.default\">\n\t\t\t\t<div class=\"elementor-widget-container\">\n\t\t\t\t\t\t\t\t\t<h4>Scores Omnia Travel<\/h4>\t\t\t\t\t\t\t\t<\/div>\n\t\t\t\t<\/div>\n\t\t<div class=\"elementor-element elementor-element-0843d04 e-con-full e-flex e-con e-child\" data-id=\"0843d04\" data-element_type=\"container\" data-e-type=\"container\">\n\t\t\t\t<div class=\"elementor-element elementor-element-380c2f9 elementor-widget elementor-widget-image\" data-id=\"380c2f9\" data-element_type=\"widget\" data-e-type=\"widget\" data-widget_type=\"image.default\">\n\t\t\t\t<div class=\"elementor-widget-container\">\n\t\t\t\t\t\t\t\t\t\t\t\t\t\t\t<img decoding=\"async\" width=\"983\" height=\"235\" src=\"https:\/\/www.omniatravel.be\/wp-content\/uploads\/2026\/02\/scores-2026.webp\" class=\"attachment-full size-full wp-image-26960\" alt=\"\" srcset=\"https:\/\/www.omniatravel.be\/wp-content\/uploads\/2026\/02\/scores-2026.webp 983w, https:\/\/www.omniatravel.be\/wp-content\/uploads\/2026\/02\/scores-2026-300x72.webp 300w, https:\/\/www.omniatravel.be\/wp-content\/uploads\/2026\/02\/scores-2026-768x184.webp 768w\" sizes=\"(max-width: 983px) 100vw, 983px\" title=\"\">\t\t\t\t\t\t\t\t\t\t\t\t\t\t\t<\/div>\n\t\t\t\t<\/div>\n\t\t\t\t<\/div>\n\t\t\t\t<\/div>\n\t\t\t\t<\/div>\n\t\t<div class=\"elementor-element elementor-element-fc2fd5a e-con-full e-flex e-con e-child\" data-id=\"fc2fd5a\" data-element_type=\"container\" data-e-type=\"container\">\n\t\t\t\t<div class=\"elementor-element elementor-element-8912ce7 elementor-widget elementor-widget-image\" data-id=\"8912ce7\" data-element_type=\"widget\" data-e-type=\"widget\" data-widget_type=\"image.default\">\n\t\t\t\t<div class=\"elementor-widget-container\">\n\t\t\t\t\t\t\t\t\t\t\t\t\t\t\t<img loading=\"lazy\" decoding=\"async\" width=\"1000\" height=\"250\" src=\"https:\/\/www.omniatravel.be\/wp-content\/uploads\/2026\/02\/ecovadis-awards-2026.png\" class=\"attachment-full size-full wp-image-26963\" alt=\"\" srcset=\"https:\/\/www.omniatravel.be\/wp-content\/uploads\/2026\/02\/ecovadis-awards-2026.png 1000w, https:\/\/www.omniatravel.be\/wp-content\/uploads\/2026\/02\/ecovadis-awards-2026-300x75.png 300w, https:\/\/www.omniatravel.be\/wp-content\/uploads\/2026\/02\/ecovadis-awards-2026-768x192.png 768w\" sizes=\"(max-width: 1000px) 100vw, 1000px\" title=\"\">\t\t\t\t\t\t\t\t\t\t\t\t\t\t\t<\/div>\n\t\t\t\t<\/div>\n\t\t\t\t<\/div>\n\t\t\t\t<\/div>\n\t\t<div class=\"elementor-element elementor-element-0fc5950 e-con-full e-flex e-con e-child\" data-id=\"0fc5950\" data-element_type=\"container\" data-e-type=\"container\" data-settings=\"{&quot;background_background&quot;:&quot;classic&quot;}\">\n\t\t<div class=\"elementor-element elementor-element-f70a7ed e-con-full e-flex e-con e-child\" data-id=\"f70a7ed\" data-element_type=\"container\" data-e-type=\"container\">\n\t\t\t\t<div class=\"elementor-element elementor-element-3e80610 elementor-widget elementor-widget-heading\" data-id=\"3e80610\" data-element_type=\"widget\" data-e-type=\"widget\" data-widget_type=\"heading.default\">\n\t\t\t\t<div class=\"elementor-widget-container\">\n\t\t\t\t\t<h2 class=\"elementor-heading-title elementor-size-default\">Omnia Travel remporte une nouvelle m\u00e9daille d'or \u00e0 EcoVadis 2026<\/h2>\t\t\t\t<\/div>\n\t\t\t\t<\/div>\n\t\t\t\t<div class=\"elementor-element elementor-element-c5aff4f elementor-widget elementor-widget-text-editor\" data-id=\"c5aff4f\" data-element_type=\"widget\" data-e-type=\"widget\" data-widget_type=\"text-editor.default\">\n\t\t\t\t<div class=\"elementor-widget-container\">\n\t\t\t\t\t\t\t\t\t<p>Omnia Travel est fi\u00e8re d&rsquo;annoncer qu&rsquo;elle a remport\u00e9 une nouvelle m\u00e9daille d&rsquo;or d\u00e9cern\u00e9e par EcoVadis, la principale plateforme d&rsquo;\u00e9valuation du d\u00e9veloppement durable au monde. Cette reconnaissance s&rsquo;appuie sur cinq ann\u00e9es d&rsquo;am\u00e9liorations continues en mati\u00e8re de d\u00e9veloppement durable et de responsabilit\u00e9 sociale des entreprises (RSE). Avec cette nouvelle r\u00e9compense, Omnia Travel confirme son engagement continu en faveur de la croissance durable et de la responsabilit\u00e9 d&rsquo;entreprise.  <\/p><p>Cette m\u00e9daille d&rsquo;or place Omnia Travel dans les <b>4 % les plus performants<\/b> de toutes les entreprises \u00e9valu\u00e9es par EcoVadis. L&rsquo;\u00e9valuation porte sur quatre domaines cl\u00e9s : l&rsquo;environnement, le travail et les droits de l&rsquo;homme, l&rsquo;\u00e9thique et l&rsquo;approvisionnement durable. Omnia Travel a obtenu d&rsquo;excellents r\u00e9sultats dans tous ces domaines, ce qui prouve que l&rsquo;entreprise est non seulement \u00e0 la pointe de son secteur, mais qu&rsquo;elle a \u00e9galement un impact positif sur la soci\u00e9t\u00e9 et l&rsquo;environnement.  <\/p><p>Pour la sixi\u00e8me ann\u00e9e cons\u00e9cutive, Omnia Travel a re\u00e7u une m\u00e9daille de la part d&rsquo;EcoVadis, d\u00e9montrant ainsi son engagement \u00e0 long terme en mati\u00e8re de d\u00e9veloppement durable. En six ans, Omnia Travel a d\u00e9j\u00e0 re\u00e7u trois fois une m\u00e9daille d&rsquo;or. Cela est possible gr\u00e2ce aux am\u00e9liorations constantes apport\u00e9es aux processus commerciaux durables, \u00e0 la transparence et \u00e0 l&rsquo;innovation. Cette m\u00e9daille d&rsquo;or est une grande reconnaissance des efforts coordonn\u00e9s par l&rsquo;\u00e9quipe verte. Elle montre que la durabilit\u00e9 n&rsquo;est pas un effort ponctuel, mais un processus continu d&rsquo;am\u00e9lioration. Nous sommes d\u00e9termin\u00e9s \u00e0 poursuivre dans cette voie et \u00e0 avoir encore plus d&rsquo;impact. La m\u00e9daille d&rsquo;or d&rsquo;EcoVadis n&rsquo;est pas seulement une \u00e9tape importante, mais aussi une incitation \u00e0 poursuivre sur la voie de la durabilit\u00e9 et de l&rsquo;innovation.      <\/p>\t\t\t\t\t\t\t\t<\/div>\n\t\t\t\t<\/div>\n\t\t\t\t<\/div>\n\t\t\t\t<\/div>\n\t\t\t\t\t<\/div>\n\t\t\t\t<\/div>\n\t\t\t\t<\/div>\n\t\t","protected":false},"excerpt":{"rendered":"<p>Omnia Travel obtient \u00e0 nouveau la m\u00e9daille d&rsquo;or Ecovadis a pass\u00e9 au crible plus de 150 000 entreprises dans 185 pays et dans 250 secteurs. Scores Omnia Travel Omnia Travel remporte une nouvelle m\u00e9daille d&rsquo;or \u00e0 EcoVadis 2026 Omnia Travel est fi\u00e8re d&rsquo;annoncer qu&rsquo;elle a remport\u00e9 une nouvelle m\u00e9daille d&rsquo;or d\u00e9cern\u00e9e par EcoVadis, la principale [&hellip;]<\/p>\n","protected":false},"author":8,"featured_media":0,"parent":0,"menu_order":0,"comment_status":"closed","ping_status":"closed","template":"","meta":{"footnotes":""},"class_list":["post-26978","page","type-page","status-publish","hentry"],"_links":{"self":[{"href":"https:\/\/www.omniatravel.be\/fr\/wp-json\/wp\/v2\/pages\/26978","targetHints":{"allow":["GET"]}}],"collection":[{"href":"https:\/\/www.omniatravel.be\/fr\/wp-json\/wp\/v2\/pages"}],"about":[{"href":"https:\/\/www.omniatravel.be\/fr\/wp-json\/wp\/v2\/types\/page"}],"author":[{"embeddable":true,"href":"https:\/\/www.omniatravel.be\/fr\/wp-json\/wp\/v2\/users\/8"}],"replies":[{"embeddable":true,"href":"https:\/\/www.omniatravel.be\/fr\/wp-json\/wp\/v2\/comments?post=26978"}],"version-history":[{"count":2,"href":"https:\/\/www.omniatravel.be\/fr\/wp-json\/wp\/v2\/pages\/26978\/revisions"}],"predecessor-version":[{"id":26980,"href":"https:\/\/www.omniatravel.be\/fr\/wp-json\/wp\/v2\/pages\/26978\/revisions\/26980"}],"wp:attachment":[{"href":"https:\/\/www.omniatravel.be\/fr\/wp-json\/wp\/v2\/media?parent=26978"}],"curies":[{"name":"wp","href":"https:\/\/api.w.org\/{rel}","templated":true}]}}