{"id":25344,"date":"2025-06-27T15:25:00","date_gmt":"2025-06-27T13:25:00","guid":{"rendered":"https:\/\/www.omniatravel.be\/klokkenluider-formulier\/"},"modified":"2025-07-07T10:47:39","modified_gmt":"2025-07-07T08:47:39","slug":"formulaire-de-denonciation","status":"publish","type":"page","link":"https:\/\/www.omniatravel.be\/fr\/formulaire-de-denonciation\/","title":{"rendered":"Formulaire de d\u00e9nonciation"},"content":{"rendered":"\t\t<div data-elementor-type=\"wp-page\" data-elementor-id=\"25344\" class=\"elementor elementor-25344 elementor-25180\" data-elementor-post-type=\"page\">\n\t\t\t\t<div class=\"elementor-element elementor-element-11b59c6 e-flex e-con-boxed e-con e-parent\" data-id=\"11b59c6\" data-element_type=\"container\" data-e-type=\"container\">\n\t\t\t\t\t<div class=\"e-con-inner\">\n\t\t<div class=\"elementor-element elementor-element-0166986 e-con-full e-flex e-con e-child\" data-id=\"0166986\" data-element_type=\"container\" data-e-type=\"container\">\n\t\t\t\t<div class=\"elementor-element elementor-element-0fdd7d3 elementor-widget elementor-widget-heading\" data-id=\"0fdd7d3\" data-element_type=\"widget\" data-e-type=\"widget\" data-widget_type=\"heading.default\">\n\t\t\t\t<div class=\"elementor-widget-container\">\n\t\t\t\t\t<h2 class=\"elementor-heading-title elementor-size-default\">Syst\u00e8me de signalement des actes contraires \u00e0 l'\u00e9thique<\/h2>\t\t\t\t<\/div>\n\t\t\t\t<\/div>\n\t\t\t\t<div class=\"elementor-element elementor-element-5ee3c11 elementor-widget elementor-widget-text-editor\" data-id=\"5ee3c11\" data-element_type=\"widget\" data-e-type=\"widget\" data-widget_type=\"text-editor.default\">\n\t\t\t\t<div class=\"elementor-widget-container\">\n\t\t\t\t\t\t\t\t\t<p>Avant de commencer, il est pr\u00e9f\u00e9rable de lire notre <a href=\"https:\/\/www.omniatravel.be\/fr\/systeme-de-signalement-des-actes-contraires-a-lethique\/\">politique de d\u00e9nonciation<\/a>. <\/p>\t\t\t\t\t\t\t\t<\/div>\n\t\t\t\t<\/div>\n\t\t\t\t<\/div>\n\t\t<div class=\"elementor-element elementor-element-6b4659a e-con-full e-flex e-con e-child\" data-id=\"6b4659a\" data-element_type=\"container\" data-e-type=\"container\" data-settings=\"{&quot;background_background&quot;:&quot;classic&quot;}\">\n\t\t\t\t<div class=\"elementor-element elementor-element-bc533d5 elementor-button-align-stretch elementor-widget elementor-widget-form\" data-id=\"bc533d5\" data-element_type=\"widget\" data-e-type=\"widget\" data-settings=\"{&quot;step_next_label&quot;:&quot;Suivant&quot;,&quot;step_previous_label&quot;:&quot;Pr\\u00e9c\\u00e9dent&quot;,&quot;button_width&quot;:&quot;100&quot;,&quot;step_type&quot;:&quot;number_text&quot;,&quot;step_icon_shape&quot;:&quot;circle&quot;}\" data-widget_type=\"form.default\">\n\t\t\t\t<div class=\"elementor-widget-container\">\n\t\t\t\t\t\t\t<form class=\"elementor-form\" method=\"post\" name=\"formulaire-de-denonciation\" aria-label=\"formulaire-de-denonciation\">\n\t\t\t<input type=\"hidden\" name=\"post_id\" value=\"25344\"\/>\n\t\t\t<input type=\"hidden\" name=\"form_id\" value=\"bc533d5\"\/>\n\t\t\t<input type=\"hidden\" name=\"referer_title\" value=\"Formulaire de d\u00e9nonciation - Omnia Travel\" \/>\n\n\t\t\t\t\t\t\t<input type=\"hidden\" name=\"queried_id\" value=\"25344\"\/>\n\t\t\t\n\t\t\t<div class=\"elementor-form-fields-wrapper elementor-labels-above\">\n\t\t\t\t\t\t\t\t<div class=\"elementor-field-type-html elementor-field-group elementor-column elementor-field-group-field_92a3aa0 elementor-col-100\">\n\t\t\t\t\t\n<h4>Informations sur l'incident<\/h4>\t\t\t\t<\/div>\n\t\t\t\t\t\t\t\t<div class=\"elementor-field-type-textarea elementor-field-group elementor-column elementor-field-group-description elementor-col-100 elementor-field-required\">\n\t\t\t\t\t\t\t\t\t\t\t\t<label for=\"form-field-description\" class=\"elementor-field-label\">\n\t\t\t\t\t\t\t\tD\u00e9crivez vos soup\u00e7ons\t\t\t\t\t\t\t<\/label>\n\t\t\t\t\t\t<textarea class=\"elementor-field-textual elementor-field  elementor-size-xs\" name=\"form_fields[description]\" id=\"form-field-description\" rows=\"10\" placeholder=\"Pour nous aider \u00e0 mieux comprendre, pouvez-vous nous dire ce qui s&#039;est pass\u00e9, quand cela s&#039;est pass\u00e9, comment cela s&#039;est pass\u00e9, o\u00f9 cela s&#039;est pass\u00e9 et qui \u00e9tait ou est impliqu\u00e9 ?\" required=\"required\"><\/textarea>\t\t\t\t<\/div>\n\t\t\t\t\t\t\t\t<div class=\"elementor-field-type-select elementor-field-group elementor-column elementor-field-group-type elementor-col-100 elementor-field-required\">\n\t\t\t\t\t\t\t\t\t\t\t\t<label for=\"form-field-type\" class=\"elementor-field-label\">\n\t\t\t\t\t\t\t\tQuel est l'objet de cette notification ?\t\t\t\t\t\t\t<\/label>\n\t\t\t\t\t\t\t\t<div class=\"elementor-field elementor-select-wrapper remove-before \">\n\t\t\t<div class=\"select-caret-down-wrapper\">\n\t\t\t\t<i aria-hidden=\"true\" class=\"eicon-caret-down\"><\/i>\t\t\t<\/div>\n\t\t\t<select name=\"form_fields[type]\" id=\"form-field-type\" class=\"elementor-field-textual elementor-size-xs\" required=\"required\">\n\t\t\t\t\t\t\t\t\t<option value=\"Antitrust\">Antitrust<\/option>\n\t\t\t\t\t\t\t\t\t<option value=\"Corruption\">Corruption<\/option>\n\t\t\t\t\t\t\t\t\t<option value=\"Conflit d&#039;int\u00e9r\u00eats\">Conflit d&#039;int\u00e9r\u00eats<\/option>\n\t\t\t\t\t\t\t\t\t<option value=\"Questions relatives \u00e0 la vie priv\u00e9e\">Questions relatives \u00e0 la vie priv\u00e9e<\/option>\n\t\t\t\t\t\t\t\t\t<option value=\"Discrimination\">Discrimination<\/option>\n\t\t\t\t\t\t\t\t\t<option value=\"Fraude (interne et\/ou conspiration)\">Fraude (interne et\/ou conspiration)<\/option>\n\t\t\t\t\t\t\t\t\t<option value=\"Blanchiment d&#039;argent\">Blanchiment d&#039;argent<\/option>\n\t\t\t\t\t\t\t\t\t<option value=\"Vol\">Vol<\/option>\n\t\t\t\t\t\t\t\t\t<option value=\"Comportement transgressif (brimades, harc\u00e8lement, etc.)\">Comportement transgressif (brimades, harc\u00e8lement, etc.)<\/option>\n\t\t\t\t\t\t\t\t\t<option value=\"Autres comportements contraires \u00e0 l&#039;\u00e9thique\">Autres comportements contraires \u00e0 l&#039;\u00e9thique<\/option>\n\t\t\t\t\t\t\t<\/select>\n\t\t<\/div>\n\t\t\t\t\t\t<\/div>\n\t\t\t\t\t\t\t\t<div class=\"elementor-field-type-select elementor-field-group elementor-column elementor-field-group-company_member elementor-col-100 elementor-field-required\">\n\t\t\t\t\t\t\t\t\t\t\t\t<label for=\"form-field-company_member\" class=\"elementor-field-label\">\n\t\t\t\t\t\t\t\tTravaillez-vous pour cette entreprise ?\t\t\t\t\t\t\t<\/label>\n\t\t\t\t\t\t\t\t<div class=\"elementor-field elementor-select-wrapper remove-before \">\n\t\t\t<div class=\"select-caret-down-wrapper\">\n\t\t\t\t<i aria-hidden=\"true\" class=\"eicon-caret-down\"><\/i>\t\t\t<\/div>\n\t\t\t<select name=\"form_fields[company_member]\" id=\"form-field-company_member\" class=\"elementor-field-textual elementor-size-xs\" required=\"required\">\n\t\t\t\t\t\t\t\t\t<option value=\"Oui\">Oui<\/option>\n\t\t\t\t\t\t\t\t\t<option value=\"Non\">Non<\/option>\n\t\t\t\t\t\t\t\t\t<option value=\"Je ne souhaite pas r\u00e9pondre \u00e0 cette question\">Je ne souhaite pas r\u00e9pondre \u00e0 cette question<\/option>\n\t\t\t\t\t\t\t<\/select>\n\t\t<\/div>\n\t\t\t\t\t\t<\/div>\n\t\t\t\t\t\t\t\t<div class=\"elementor-field-type-html elementor-field-group elementor-column elementor-field-group-field_3f83433 elementor-col-100\">\n\t\t\t\t\t<br><hr><br><h4>Informations sur le contact<\/h4>\n<p>  Si vous pr\u00e9f\u00e9rez rester anonyme, vous pouvez laisser vos coordonn\u00e9es en blanc dans cette section. Veuillez noter que nous ne pourrons alors pas vous contacter pour d'autres questions ou pour le suivi de ce dossier. \t\t\t\t<\/div>\n\t\t\t\t\t\t\t\t<div class=\"elementor-field-type-text elementor-field-group elementor-column elementor-field-group-full_name elementor-col-100\">\n\t\t\t\t\t\t\t\t\t\t\t\t<label for=\"form-field-full_name\" class=\"elementor-field-label\">\n\t\t\t\t\t\t\t\tNom complet (facultatif)\t\t\t\t\t\t\t<\/label>\n\t\t\t\t\t\t\t\t\t\t\t\t\t\t<input size=\"1\" type=\"text\" name=\"form_fields[full_name]\" id=\"form-field-full_name\" class=\"elementor-field elementor-size-xs  elementor-field-textual\">\n\t\t\t\t\t\t\t\t\t\t\t<\/div>\n\t\t\t\t\t\t\t\t<div class=\"elementor-field-type-email elementor-field-group elementor-column elementor-field-group-email elementor-col-100\">\n\t\t\t\t\t\t\t\t\t\t\t\t<label for=\"form-field-email\" class=\"elementor-field-label\">\n\t\t\t\t\t\t\t\tCourriel (facultatif)\t\t\t\t\t\t\t<\/label>\n\t\t\t\t\t\t\t\t\t\t\t\t\t\t<input size=\"1\" type=\"email\" name=\"form_fields[email]\" id=\"form-field-email\" class=\"elementor-field elementor-size-xs  elementor-field-textual\">\n\t\t\t\t\t\t\t\t\t\t\t<\/div>\n\t\t\t\t\t\t\t\t<div class=\"elementor-field-type-text elementor-field-group elementor-column elementor-field-group-phone elementor-col-100\">\n\t\t\t\t\t\t\t\t\t\t\t\t<label for=\"form-field-phone\" class=\"elementor-field-label\">\n\t\t\t\t\t\t\t\tT\u00e9l\u00e9phone (facultatif)\t\t\t\t\t\t\t<\/label>\n\t\t\t\t\t\t\t\t\t\t\t\t\t\t<input size=\"1\" type=\"text\" name=\"form_fields[phone]\" id=\"form-field-phone\" class=\"elementor-field elementor-size-xs  elementor-field-textual\">\n\t\t\t\t\t\t\t\t\t\t\t<\/div>\n\t\t\t\t\t\t\t\t<div class=\"elementor-field-type-html elementor-field-group elementor-column elementor-field-group-field_8ce2e21 elementor-col-100\">\n\t\t\t\t\t<br><hr><br><h4>Politique<\/h4>\t\t\t\t<\/div>\n\t\t\t\t\t\t\t\t<div class=\"elementor-field-type-acceptance elementor-field-group elementor-column elementor-field-group-whistleblower_policy elementor-col-100 elementor-field-required\">\n\t\t\t\t\t\t\t\t\t\t\t\t<label for=\"form-field-whistleblower_policy\" class=\"elementor-field-label\">\n\t\t\t\t\t\t\t\tSyst\u00e8me de d\u00e9nonciation\t\t\t\t\t\t\t<\/label>\n\t\t\t\t\t\t\t\t<div class=\"elementor-field-subgroup\">\n\t\t\t<span class=\"elementor-field-option\">\n\t\t\t\t<input type=\"checkbox\" name=\"form_fields[whistleblower_policy]\" id=\"form-field-whistleblower_policy\" class=\"elementor-field elementor-size-xs  elementor-acceptance-field\" required=\"required\">\n\t\t\t\t<label for=\"form-field-whistleblower_policy\">J'ai lu la <a href=\"https:\/\/www.omniatravel.be\/fr\/systeme-de-signalement-des-actes-contraires-a-lethique\/\" target=\"_blank\">politique de d\u00e9nonciation d'<\/a> Omnia Travel et j'en suis conscient(e).<\/label>\t\t\t<\/span>\n\t\t<\/div>\n\t\t\t\t\t\t<\/div>\n\t\t\t\t\t\t\t\t<div class=\"elementor-field-type-acceptance elementor-field-group elementor-column elementor-field-group-field_75afcab elementor-col-100 elementor-field-required\">\n\t\t\t\t\t\t\t\t\t\t\t\t<label for=\"form-field-field_75afcab\" class=\"elementor-field-label\">\n\t\t\t\t\t\t\t\tPolitique de confidentialit\u00e9\t\t\t\t\t\t\t<\/label>\n\t\t\t\t\t\t\t\t<div class=\"elementor-field-subgroup\">\n\t\t\t<span class=\"elementor-field-option\">\n\t\t\t\t<input type=\"checkbox\" name=\"form_fields[field_75afcab]\" id=\"form-field-field_75afcab\" class=\"elementor-field elementor-size-xs  elementor-acceptance-field\" required=\"required\">\n\t\t\t\t<label for=\"form-field-field_75afcab\">J'accepte la <a href=\"https:\/\/www.omniatravel.be\/fr\/privacy-policy\/\" target=\"_blank\">politique de confidentialit\u00e9<\/a> d'Omnia Travel.<\/label>\t\t\t<\/span>\n\t\t<\/div>\n\t\t\t\t\t\t<\/div>\n\t\t\t\t\t\t\t\t<div class=\"elementor-field-type-text\">\n\t\t\t\t\t<input size=\"1\" type=\"text\" name=\"form_fields[fill_me_out]\" id=\"form-field-fill_me_out\" class=\"elementor-field elementor-size-xs \" style=\"display:none !important;\">\t\t\t\t<\/div>\n\t\t\t\t\t\t\t\t<div class=\"elementor-field-type-recaptcha_v3 elementor-field-group elementor-column elementor-field-group-recaptchav3 elementor-col-100 recaptcha_v3-bottomright\">\n\t\t\t\t\t<div class=\"elementor-field\" id=\"form-field-recaptchav3\"><div class=\"elementor-g-recaptcha\" data-sitekey=\"6Lc4WokpAAAAAAEm6-iubSXK6zvRsGVb24o_k2Pd\" data-type=\"v3\" data-action=\"Form\" data-badge=\"bottomright\" data-size=\"invisible\"><\/div><\/div>\t\t\t\t<\/div>\n\t\t\t\t\t\t\t\t<div class=\"elementor-field-group elementor-column elementor-field-type-submit elementor-col-100 e-form__buttons\">\n\t\t\t\t\t<button class=\"elementor-button elementor-size-sm\" type=\"submit\">\n\t\t\t\t\t\t<span class=\"elementor-button-content-wrapper\">\n\t\t\t\t\t\t\t\t\t\t\t\t\t\t\t\t\t\t\t\t\t\t<span class=\"elementor-button-text\">Envoyer<\/span>\n\t\t\t\t\t\t\t\t\t\t\t\t\t<\/span>\n\t\t\t\t\t<\/button>\n\t\t\t\t<\/div>\n\t\t\t<\/div>\n\t\t<\/form>\n\t\t\t\t\t\t<\/div>\n\t\t\t\t<\/div>\n\t\t\t\t<\/div>\n\t\t\t\t\t<\/div>\n\t\t\t\t<\/div>\n\t\t\t\t<\/div>\n\t\t","protected":false},"excerpt":{"rendered":"<p>Syst\u00e8me de signalement des actes contraires \u00e0 l&rsquo;\u00e9thique Avant de commencer, il est pr\u00e9f\u00e9rable de lire notre politique de d\u00e9nonciation.<\/p>\n","protected":false},"author":8,"featured_media":0,"parent":0,"menu_order":0,"comment_status":"closed","ping_status":"closed","template":"","meta":{"footnotes":""},"class_list":["post-25344","page","type-page","status-publish","hentry"],"_links":{"self":[{"href":"https:\/\/www.omniatravel.be\/fr\/wp-json\/wp\/v2\/pages\/25344","targetHints":{"allow":["GET"]}}],"collection":[{"href":"https:\/\/www.omniatravel.be\/fr\/wp-json\/wp\/v2\/pages"}],"about":[{"href":"https:\/\/www.omniatravel.be\/fr\/wp-json\/wp\/v2\/types\/page"}],"author":[{"embeddable":true,"href":"https:\/\/www.omniatravel.be\/fr\/wp-json\/wp\/v2\/users\/8"}],"replies":[{"embeddable":true,"href":"https:\/\/www.omniatravel.be\/fr\/wp-json\/wp\/v2\/comments?post=25344"}],"version-history":[{"count":3,"href":"https:\/\/www.omniatravel.be\/fr\/wp-json\/wp\/v2\/pages\/25344\/revisions"}],"predecessor-version":[{"id":25354,"href":"https:\/\/www.omniatravel.be\/fr\/wp-json\/wp\/v2\/pages\/25344\/revisions\/25354"}],"wp:attachment":[{"href":"https:\/\/www.omniatravel.be\/fr\/wp-json\/wp\/v2\/media?parent=25344"}],"curies":[{"name":"wp","href":"https:\/\/api.w.org\/{rel}","templated":true}]}}