{"id":23300,"date":"2025-02-17T16:20:55","date_gmt":"2025-02-17T15:20:55","guid":{"rendered":"https:\/\/www.omniatravel.be\/omnia-travel-obtien-la-medaille-d-or-ecovadis-2025\/"},"modified":"2025-02-18T10:21:56","modified_gmt":"2025-02-18T09:21:56","slug":"omnia-travel-obtien-la-medaille-d-or-ecovadis-2025","status":"publish","type":"page","link":"https:\/\/www.omniatravel.be\/fr\/omnia-travel-obtien-la-medaille-d-or-ecovadis-2025\/","title":{"rendered":"Omnia Travel obtient la m\u00e9daille d\u2019or EcoVadisOmnia Travel remporte la m\u00e9daille d&rsquo;or \u00e0 EcoVadis 2025"},"content":{"rendered":"\t\t<div data-elementor-type=\"wp-page\" data-elementor-id=\"23300\" class=\"elementor elementor-23300 elementor-23244\" data-elementor-post-type=\"page\">\n\t\t\t\t<div class=\"elementor-element elementor-element-86caed7 e-con-full e-flex e-con e-parent\" data-id=\"86caed7\" data-element_type=\"container\" data-e-type=\"container\" data-settings=\"{&quot;background_background&quot;:&quot;classic&quot;}\">\n\t\t<div class=\"elementor-element elementor-element-db67200 e-flex e-con-boxed e-con e-child\" data-id=\"db67200\" data-element_type=\"container\" data-e-type=\"container\">\n\t\t\t\t\t<div class=\"e-con-inner\">\n\t\t\t\t<div class=\"elementor-element elementor-element-15cd6c9 elementor-widget elementor-widget-heading\" data-id=\"15cd6c9\" data-element_type=\"widget\" data-e-type=\"widget\" data-widget_type=\"heading.default\">\n\t\t\t\t<div class=\"elementor-widget-container\">\n\t\t\t\t\t<h1 class=\"elementor-heading-title elementor-size-default\">Omnia Travel obtient la m\u00e9daille d\u2019or EcoVadis<\/h1>\t\t\t\t<\/div>\n\t\t\t\t<\/div>\n\t\t\t\t\t<\/div>\n\t\t\t\t<\/div>\n\t\t\t\t<\/div>\n\t\t<div class=\"elementor-element elementor-element-df0fe7c e-flex e-con-boxed e-con e-parent\" data-id=\"df0fe7c\" data-element_type=\"container\" data-e-type=\"container\">\n\t\t\t\t\t<div class=\"e-con-inner\">\n\t\t\t\t<div class=\"elementor-element elementor-element-a10c02d elementor-widget elementor-widget-global elementor-global-12978 elementor-widget-shortcode\" data-id=\"a10c02d\" data-element_type=\"widget\" data-e-type=\"widget\" data-widget_type=\"shortcode.default\">\n\t\t\t\t<div class=\"elementor-widget-container\">\n\t\t\t\t\t\t\t<div class=\"elementor-shortcode\"><span style=\"font-family: Roboto-SelfHosted, sans-serif; font-size:0.82em;font-weight:normal;\"><nav aria-label=\"breadcrumbs\" class=\"rank-math-breadcrumb\"><p><span class=\"last\">Home<\/span><\/p><\/nav><\/span><\/div>\n\t\t\t\t\t\t<\/div>\n\t\t\t\t<\/div>\n\t\t\t\t\t<\/div>\n\t\t\t\t<\/div>\n\t\t<div class=\"elementor-element elementor-element-b48f114 e-flex e-con-boxed e-con e-parent\" data-id=\"b48f114\" data-element_type=\"container\" data-e-type=\"container\" data-settings=\"{&quot;background_background&quot;:&quot;classic&quot;}\">\n\t\t\t\t\t<div class=\"e-con-inner\">\n\t\t<div class=\"elementor-element elementor-element-a20a2a8 e-con-full e-flex e-con e-child\" data-id=\"a20a2a8\" data-element_type=\"container\" data-e-type=\"container\" data-settings=\"{&quot;background_background&quot;:&quot;classic&quot;}\">\n\t\t<div class=\"elementor-element elementor-element-232baf6 e-con-full e-flex e-con e-child\" data-id=\"232baf6\" data-element_type=\"container\" data-e-type=\"container\">\n\t\t\t\t<div class=\"elementor-element elementor-element-e768176 elementor-widget elementor-widget-image\" data-id=\"e768176\" data-element_type=\"widget\" data-e-type=\"widget\" data-widget_type=\"image.default\">\n\t\t\t\t<div class=\"elementor-widget-container\">\n\t\t\t\t\t\t\t\t\t\t\t\t\t\t\t<img fetchpriority=\"high\" decoding=\"async\" width=\"1000\" height=\"250\" src=\"https:\/\/www.omniatravel.be\/wp-content\/uploads\/2025\/02\/ecovadis_header_web.png\" class=\"attachment-full size-full wp-image-23270\" alt=\"\" srcset=\"https:\/\/www.omniatravel.be\/wp-content\/uploads\/2025\/02\/ecovadis_header_web.png 1000w, https:\/\/www.omniatravel.be\/wp-content\/uploads\/2025\/02\/ecovadis_header_web-300x75.png 300w, https:\/\/www.omniatravel.be\/wp-content\/uploads\/2025\/02\/ecovadis_header_web-768x192.png 768w\" sizes=\"(max-width: 1000px) 100vw, 1000px\" title=\"\">\t\t\t\t\t\t\t\t\t\t\t\t\t\t\t<\/div>\n\t\t\t\t<\/div>\n\t\t\t\t<\/div>\n\t\t<div class=\"elementor-element elementor-element-e257d0c e-con-full e-flex e-con e-child\" data-id=\"e257d0c\" data-element_type=\"container\" data-e-type=\"container\">\n\t\t<div class=\"elementor-element elementor-element-7d6ff9d e-con-full e-flex e-con e-child\" data-id=\"7d6ff9d\" data-element_type=\"container\" data-e-type=\"container\">\n\t\t\t\t<div class=\"elementor-element elementor-element-235a994 elementor-widget elementor-widget-image\" data-id=\"235a994\" data-element_type=\"widget\" data-e-type=\"widget\" data-widget_type=\"image.default\">\n\t\t\t\t<div class=\"elementor-widget-container\">\n\t\t\t\t\t\t\t\t\t\t\t\t<figure class=\"wp-caption\">\n\t\t\t\t\t\t\t\t\t\t<img decoding=\"async\" width=\"322\" height=\"336\" src=\"https:\/\/www.omniatravel.be\/wp-content\/uploads\/2025\/02\/ecovadis_2025.png\" class=\"attachment-full size-full wp-image-23271\" alt=\"\" srcset=\"https:\/\/www.omniatravel.be\/wp-content\/uploads\/2025\/02\/ecovadis_2025.png 322w, https:\/\/www.omniatravel.be\/wp-content\/uploads\/2025\/02\/ecovadis_2025-288x300.png 288w\" sizes=\"(max-width: 322px) 100vw, 322px\" title=\"\">\t\t\t\t\t\t\t\t\t\t\t<figcaption class=\"widget-image-caption wp-caption-text\">Ecovadis a pass\u00e9 au crible plus de 150 000 entreprises dans 185 pays et dans 250 secteurs.<\/figcaption>\n\t\t\t\t\t\t\t\t\t\t<\/figure>\n\t\t\t\t\t\t\t\t\t<\/div>\n\t\t\t\t<\/div>\n\t\t\t\t<\/div>\n\t\t\t\t<\/div>\n\t\t<div class=\"elementor-element elementor-element-9aa28a3 e-con-full e-flex e-con e-child\" data-id=\"9aa28a3\" data-element_type=\"container\" data-e-type=\"container\" data-settings=\"{&quot;background_background&quot;:&quot;classic&quot;}\">\n\t\t<div class=\"elementor-element elementor-element-099ed40 e-con-full e-flex e-con e-child\" data-id=\"099ed40\" data-element_type=\"container\" data-e-type=\"container\">\n\t\t\t\t<div class=\"elementor-element elementor-element-254866b elementor-widget elementor-widget-text-editor\" data-id=\"254866b\" data-element_type=\"widget\" data-e-type=\"widget\" data-widget_type=\"text-editor.default\">\n\t\t\t\t<div class=\"elementor-widget-container\">\n\t\t\t\t\t\t\t\t\t<h4>Scores Omnia Travel<\/h4>\n\t\t\t\t\t\t\t\t<\/div>\n\t\t\t\t<\/div>\n\t\t<div class=\"elementor-element elementor-element-7af16ad e-con-full e-flex e-con e-child\" data-id=\"7af16ad\" data-element_type=\"container\" data-e-type=\"container\">\n\t\t\t\t<div class=\"elementor-element elementor-element-7393372 elementor-widget elementor-widget-image\" data-id=\"7393372\" data-element_type=\"widget\" data-e-type=\"widget\" data-widget_type=\"image.default\">\n\t\t\t\t<div class=\"elementor-widget-container\">\n\t\t\t\t\t\t\t\t\t\t\t\t\t\t\t<img decoding=\"async\" width=\"1600\" height=\"428\" src=\"https:\/\/www.omniatravel.be\/wp-content\/uploads\/2025\/02\/scores_omnia_travel_2025.png\" class=\"attachment-full size-full wp-image-23278\" alt=\"Scores omnia Travel\" srcset=\"https:\/\/www.omniatravel.be\/wp-content\/uploads\/2025\/02\/scores_omnia_travel_2025.png 1600w, https:\/\/www.omniatravel.be\/wp-content\/uploads\/2025\/02\/scores_omnia_travel_2025-300x80.png 300w, https:\/\/www.omniatravel.be\/wp-content\/uploads\/2025\/02\/scores_omnia_travel_2025-1024x274.png 1024w, https:\/\/www.omniatravel.be\/wp-content\/uploads\/2025\/02\/scores_omnia_travel_2025-768x205.png 768w, https:\/\/www.omniatravel.be\/wp-content\/uploads\/2025\/02\/scores_omnia_travel_2025-1536x411.png 1536w\" sizes=\"(max-width: 1600px) 100vw, 1600px\" title=\"\">\t\t\t\t\t\t\t\t\t\t\t\t\t\t\t<\/div>\n\t\t\t\t<\/div>\n\t\t\t\t<\/div>\n\t\t\t\t<\/div>\n\t\t\t\t<\/div>\n\t\t<div class=\"elementor-element elementor-element-cccd869 e-con-full e-flex e-con e-child\" data-id=\"cccd869\" data-element_type=\"container\" data-e-type=\"container\">\n\t\t\t\t<div class=\"elementor-element elementor-element-67d9b92 elementor-widget elementor-widget-image\" data-id=\"67d9b92\" data-element_type=\"widget\" data-e-type=\"widget\" data-widget_type=\"image.default\">\n\t\t\t\t<div class=\"elementor-widget-container\">\n\t\t\t\t\t\t\t\t\t\t\t\t\t\t\t<img loading=\"lazy\" decoding=\"async\" width=\"1000\" height=\"250\" src=\"https:\/\/www.omniatravel.be\/wp-content\/uploads\/2025\/02\/historiek.png\" class=\"attachment-full size-full wp-image-23280\" alt=\"Travel awards\" srcset=\"https:\/\/www.omniatravel.be\/wp-content\/uploads\/2025\/02\/historiek.png 1000w, https:\/\/www.omniatravel.be\/wp-content\/uploads\/2025\/02\/historiek-300x75.png 300w, https:\/\/www.omniatravel.be\/wp-content\/uploads\/2025\/02\/historiek-768x192.png 768w\" sizes=\"(max-width: 1000px) 100vw, 1000px\" title=\"\">\t\t\t\t\t\t\t\t\t\t\t\t\t\t\t<\/div>\n\t\t\t\t<\/div>\n\t\t\t\t<\/div>\n\t\t\t\t<\/div>\n\t\t<div class=\"elementor-element elementor-element-21ce2a4 e-con-full e-flex e-con e-child\" data-id=\"21ce2a4\" data-element_type=\"container\" data-e-type=\"container\" data-settings=\"{&quot;background_background&quot;:&quot;classic&quot;}\">\n\t\t<div class=\"elementor-element elementor-element-62990e9 e-con-full e-flex e-con e-child\" data-id=\"62990e9\" data-element_type=\"container\" data-e-type=\"container\">\n\t\t\t\t<div class=\"elementor-element elementor-element-00f94e9 elementor-widget elementor-widget-heading\" data-id=\"00f94e9\" data-element_type=\"widget\" data-e-type=\"widget\" data-widget_type=\"heading.default\">\n\t\t\t\t<div class=\"elementor-widget-container\">\n\t\t\t\t\t<h2 class=\"elementor-heading-title elementor-size-default\">Omnia Travel obtient la m\u00e9daille d\u2019or EcoVadis.<\/h2>\t\t\t\t<\/div>\n\t\t\t\t<\/div>\n\t\t\t\t<div class=\"elementor-element elementor-element-e175f18 elementor-widget elementor-widget-text-editor\" data-id=\"e175f18\" data-element_type=\"widget\" data-e-type=\"widget\" data-widget_type=\"text-editor.default\">\n\t\t\t\t<div class=\"elementor-widget-container\">\n\t\t\t\t\t\t\t\t\t<p>Nous sommes fiers d\u2019annoncer qu\u2019Omnia Travel a obtenu <b>la m\u00e9daille d\u2019or d\u2019EcoVadis<\/b>, le principal organisme d\u2019\u00e9valuation de la durabilit\u00e9.  <\/p>\n<p><span style=\"color: var( --e-global-color-text ); font-family: var( --e-global-typography-text-font-family ), Sans-serif; font-size: var( --e-global-typography-text-font-size ); font-weight: var( --e-global-typography-text-font-weight ); text-align: var(--text-align);\">Cette distinction fait suite \u00e0 cinq ann\u00e9es d\u2019am\u00e9liorations continues en mati\u00e8re de responsabilit\u00e9 soci\u00e9tale et environnementale (RSE) et place Omnia Travel parmi <\/span><span style=\"color: var( --e-global-color-text ); font-family: var( --e-global-typography-text-font-family ), Sans-serif; font-size: var( --e-global-typography-text-font-size ); text-align: var(--text-align);\"><b>les 3 %<\/b> des entreprises les mieux not\u00e9es.<\/span><span style=\"color: var( --e-global-color-text ); font-family: var( --e-global-typography-text-font-family ), Sans-serif; font-size: var( --e-global-typography-text-font-size ); font-weight: var( --e-global-typography-text-font-weight ); text-align: var(--text-align);\"> L\u2019\u00e9valuation EcoVadis couvre quatre domaines cl\u00e9s : l\u2019environnement, les droits du travail et humains, l\u2019\u00e9thique et les achats responsables. Gr\u00e2ce \u00e0 des performances solides dans chacun de ces domaines, nous confirmons notre r\u00f4le de leader engag\u00e9 dans le secteur du voyage durable, avec un impact positif sur la soci\u00e9t\u00e9 et l\u2019environnement.   <\/span><\/p>\n<p><span style=\"color: var( --e-global-color-text ); font-family: var( --e-global-typography-text-font-family ), Sans-serif; font-size: var( --e-global-typography-text-font-size ); font-weight: var( --e-global-typography-text-font-weight ); text-align: var(--text-align);\">Apr\u00e8s avoir obtenu la m\u00e9daille d\u2019argent l\u2019an dernier, cette progression vers l\u2019or r\u00e9compense nos efforts en faveur de processus plus durables, de transparence et d\u2019innovation. Cette r\u00e9ussite, port\u00e9e par notre Green Team, montre que la durabilit\u00e9 n\u2019est pas un objectif ponctuel, mais un engagement \u00e0 long terme.      <\/span><\/p>\n<p><span style=\"color: var( --e-global-color-text ); font-family: var( --e-global-typography-text-font-family ), Sans-serif; font-size: var( --e-global-typography-text-font-size ); font-weight: var( --e-global-typography-text-font-weight ); text-align: var(--text-align);\">En 2024, Omnia Travel a remport\u00e9 le <\/span><span style=\"color: var( --e-global-color-text ); font-family: var( --e-global-typography-text-font-family ), Sans-serif; font-size: var( --e-global-typography-text-font-size ); text-align: var(--text-align);\"><b>Prix du voyage durable<\/b><\/span><span style=\"color: var( --e-global-color-text ); font-family: var( --e-global-typography-text-font-family ), Sans-serif; font-size: var( --e-global-typography-text-font-size ); font-weight: var( --e-global-typography-text-font-weight ); text-align: var(--text-align);\"> dans le secteur des voyages en Belgique. Nous restons d\u00e9termin\u00e9s \u00e0 poursuivre sur cette voie et \u00e0 renforcer encore notre impact. La m\u00e9daille d\u2019or EcoVadis est \u00e0 la fois une \u00e9tape cl\u00e9 et une motivation suppl\u00e9mentaire pour continuer \u00e0 innover et \u00e0 faire progresser le voyage durable. <\/span><\/p>\n<div> <\/div>\n\t\t\t\t\t\t\t\t<\/div>\n\t\t\t\t<\/div>\n\t\t\t\t<\/div>\n\t\t<div class=\"elementor-element elementor-element-a9fc031 e-con-full e-flex e-con e-child\" data-id=\"a9fc031\" data-element_type=\"container\" data-e-type=\"container\">\n\t\t\t\t<div class=\"elementor-element elementor-element-72eed66 elementor-widget elementor-widget-image\" data-id=\"72eed66\" data-element_type=\"widget\" data-e-type=\"widget\" data-widget_type=\"image.default\">\n\t\t\t\t<div class=\"elementor-widget-container\">\n\t\t\t\t\t\t\t\t\t\t\t\t\t\t\t<img loading=\"lazy\" decoding=\"async\" width=\"453\" height=\"85\" src=\"https:\/\/www.omniatravel.be\/wp-content\/uploads\/2025\/02\/travel-awards.png\" class=\"attachment-full size-full wp-image-23281\" alt=\"Travel awards\" srcset=\"https:\/\/www.omniatravel.be\/wp-content\/uploads\/2025\/02\/travel-awards.png 453w, https:\/\/www.omniatravel.be\/wp-content\/uploads\/2025\/02\/travel-awards-300x56.png 300w\" sizes=\"(max-width: 453px) 100vw, 453px\" title=\"\">\t\t\t\t\t\t\t\t\t\t\t\t\t\t\t<\/div>\n\t\t\t\t<\/div>\n\t\t\t\t<\/div>\n\t\t\t\t<\/div>\n\t\t\t\t\t<\/div>\n\t\t\t\t<\/div>\n\t\t\t\t<\/div>\n\t\t","protected":false},"excerpt":{"rendered":"<p>Omnia Travel obtient la m\u00e9daille d\u2019or EcoVadis Ecovadis a pass\u00e9 au crible plus de 150 000 entreprises dans 185 pays et dans 250 secteurs. Scores Omnia Travel Omnia Travel obtient la m\u00e9daille d\u2019or EcoVadis. Nous sommes fiers d\u2019annoncer qu\u2019Omnia Travel a obtenu la m\u00e9daille d\u2019or d\u2019EcoVadis, le principal organisme d\u2019\u00e9valuation de la durabilit\u00e9. Cette distinction [&hellip;]<\/p>\n","protected":false},"author":8,"featured_media":0,"parent":0,"menu_order":0,"comment_status":"closed","ping_status":"closed","template":"","meta":{"footnotes":""},"class_list":["post-23300","page","type-page","status-publish","hentry"],"_links":{"self":[{"href":"https:\/\/www.omniatravel.be\/fr\/wp-json\/wp\/v2\/pages\/23300","targetHints":{"allow":["GET"]}}],"collection":[{"href":"https:\/\/www.omniatravel.be\/fr\/wp-json\/wp\/v2\/pages"}],"about":[{"href":"https:\/\/www.omniatravel.be\/fr\/wp-json\/wp\/v2\/types\/page"}],"author":[{"embeddable":true,"href":"https:\/\/www.omniatravel.be\/fr\/wp-json\/wp\/v2\/users\/8"}],"replies":[{"embeddable":true,"href":"https:\/\/www.omniatravel.be\/fr\/wp-json\/wp\/v2\/comments?post=23300"}],"version-history":[{"count":1,"href":"https:\/\/www.omniatravel.be\/fr\/wp-json\/wp\/v2\/pages\/23300\/revisions"}],"predecessor-version":[{"id":23301,"href":"https:\/\/www.omniatravel.be\/fr\/wp-json\/wp\/v2\/pages\/23300\/revisions\/23301"}],"wp:attachment":[{"href":"https:\/\/www.omniatravel.be\/fr\/wp-json\/wp\/v2\/media?parent=23300"}],"curies":[{"name":"wp","href":"https:\/\/api.w.org\/{rel}","templated":true}]}}