{"id":15846,"date":"2023-12-29T11:48:38","date_gmt":"2023-12-29T10:48:38","guid":{"rendered":"https:\/\/www.omniatravel.be\/algemene-voorwaarden\/"},"modified":"2025-01-28T16:06:40","modified_gmt":"2025-01-28T15:06:40","slug":"conditions-generales","status":"publish","type":"page","link":"https:\/\/www.omniatravel.be\/fr\/conditions-generales\/","title":{"rendered":"Conditions g\u00e9n\u00e9rales"},"content":{"rendered":"\t\t<div data-elementor-type=\"wp-page\" data-elementor-id=\"15846\" class=\"elementor elementor-15846 elementor-13960\" data-elementor-post-type=\"page\">\n\t\t\t\t<div class=\"elementor-element elementor-element-0264bf6 e-con-full e-flex e-con e-parent\" data-id=\"0264bf6\" data-element_type=\"container\" data-e-type=\"container\" data-settings=\"{&quot;background_background&quot;:&quot;classic&quot;}\">\n\t\t<div class=\"elementor-element elementor-element-daafeb7 e-flex e-con-boxed e-con e-child\" data-id=\"daafeb7\" data-element_type=\"container\" data-e-type=\"container\">\n\t\t\t\t\t<div class=\"e-con-inner\">\n\t\t\t\t<div class=\"elementor-element elementor-element-745ee15 elementor-widget elementor-widget-heading\" data-id=\"745ee15\" data-element_type=\"widget\" data-e-type=\"widget\" data-widget_type=\"heading.default\">\n\t\t\t\t<div class=\"elementor-widget-container\">\n\t\t\t\t\t<h1 class=\"elementor-heading-title elementor-size-default\">Nos conditions g\u00e9n\u00e9rales<\/h1>\t\t\t\t<\/div>\n\t\t\t\t<\/div>\n\t\t\t\t<div class=\"elementor-element elementor-element-46e4a49 elementor-widget elementor-widget-text-editor\" data-id=\"46e4a49\" data-element_type=\"widget\" data-e-type=\"widget\" data-widget_type=\"text-editor.default\">\n\t\t\t\t<div class=\"elementor-widget-container\">\n\t\t\t\t\t\t\t\t\t<p>Toutes les dispositions l\u00e9gales, conditions g\u00e9n\u00e9rales et particuli\u00e8res applicables<\/p>\n\t\t\t\t\t\t\t\t<\/div>\n\t\t\t\t<\/div>\n\t\t\t\t\t<\/div>\n\t\t\t\t<\/div>\n\t\t\t\t<\/div>\n\t\t<div class=\"elementor-element elementor-element-b6a3817 e-flex e-con-boxed e-con e-child\" data-id=\"b6a3817\" data-element_type=\"container\" data-e-type=\"container\">\n\t\t\t\t\t<div class=\"e-con-inner\">\n\t\t\t\t<div class=\"elementor-element elementor-element-0b27597 elementor-widget elementor-widget-global elementor-global-12978 elementor-widget-shortcode\" data-id=\"0b27597\" data-element_type=\"widget\" data-e-type=\"widget\" data-widget_type=\"shortcode.default\">\n\t\t\t\t<div class=\"elementor-widget-container\">\n\t\t\t\t\t\t\t<div class=\"elementor-shortcode\"><span style=\"font-family: Roboto-SelfHosted, sans-serif; font-size:0.82em;font-weight:normal;\"><nav aria-label=\"breadcrumbs\" class=\"rank-math-breadcrumb\"><p><span class=\"last\">Home<\/span><\/p><\/nav><\/span><\/div>\n\t\t\t\t\t\t<\/div>\n\t\t\t\t<\/div>\n\t\t\t\t\t<\/div>\n\t\t\t\t<\/div>\n\t\t<div class=\"elementor-element elementor-element-f9f1acb e-flex e-con-boxed e-con e-parent\" data-id=\"f9f1acb\" data-element_type=\"container\" data-e-type=\"container\">\n\t\t\t\t\t<div class=\"e-con-inner\">\n\t\t\t\t<div class=\"elementor-element elementor-element-d6f6104 elementor-align-justify elementor-widget__width-initial elementor-widget elementor-widget-button\" data-id=\"d6f6104\" data-element_type=\"widget\" data-e-type=\"widget\" data-widget_type=\"button.default\">\n\t\t\t\t<div class=\"elementor-widget-container\">\n\t\t\t\t\t\t\t\t\t<div class=\"elementor-button-wrapper\">\n\t\t\t\t\t<a class=\"elementor-button elementor-button-link elementor-size-md\" href=\"https:\/\/www.omniatravel.be\/fr\/conditions-generales\/#algemene-voorwaarden\">\n\t\t\t\t\t\t<span class=\"elementor-button-content-wrapper\">\n\t\t\t\t\t\t\t\t\t<span class=\"elementor-button-text\">Conditions g\u00e9n\u00e9rales de voyage<\/span>\n\t\t\t\t\t<\/span>\n\t\t\t\t\t<\/a>\n\t\t\t\t<\/div>\n\t\t\t\t\t\t\t\t<\/div>\n\t\t\t\t<\/div>\n\t\t\t\t<div class=\"elementor-element elementor-element-7f4e14a elementor-align-justify elementor-widget__width-initial elementor-widget elementor-widget-button\" data-id=\"7f4e14a\" data-element_type=\"widget\" data-e-type=\"widget\" data-widget_type=\"button.default\">\n\t\t\t\t<div class=\"elementor-widget-container\">\n\t\t\t\t\t\t\t\t\t<div class=\"elementor-button-wrapper\">\n\t\t\t\t\t<a class=\"elementor-button elementor-button-link elementor-size-md\" href=\"https:\/\/www.omniatravel.be\/fr\/dispositions-legales\/conditions-particulieres-de-voyage\/\" target=\"_blank\">\n\t\t\t\t\t\t<span class=\"elementor-button-content-wrapper\">\n\t\t\t\t\t\t\t\t\t<span class=\"elementor-button-text\">Conditions particuli\u00e8res de voyage<\/span>\n\t\t\t\t\t<\/span>\n\t\t\t\t\t<\/a>\n\t\t\t\t<\/div>\n\t\t\t\t\t\t\t\t<\/div>\n\t\t\t\t<\/div>\n\t\t\t\t<div class=\"elementor-element elementor-element-e7b4a2a elementor-align-justify elementor-widget__width-initial elementor-widget elementor-widget-button\" data-id=\"e7b4a2a\" data-element_type=\"widget\" data-e-type=\"widget\" data-widget_type=\"button.default\">\n\t\t\t\t<div class=\"elementor-widget-container\">\n\t\t\t\t\t\t\t\t\t<div class=\"elementor-button-wrapper\">\n\t\t\t\t\t<a class=\"elementor-button elementor-button-link elementor-size-md\" href=\"https:\/\/www.omniatravel.be\/wp-content\/uploads\/2024\/01\/Formulaire-dinformation-standard-Annexe-1-Partie-A-Voyage-a-forfait.pdf\" target=\"_blank\">\n\t\t\t\t\t\t<span class=\"elementor-button-content-wrapper\">\n\t\t\t\t\t\t\t\t\t<span class=\"elementor-button-text\">Formulair d'information standard<\/span>\n\t\t\t\t\t<\/span>\n\t\t\t\t\t<\/a>\n\t\t\t\t<\/div>\n\t\t\t\t\t\t\t\t<\/div>\n\t\t\t\t<\/div>\n\t\t\t\t<div class=\"elementor-element elementor-element-b471d86 elementor-align-justify elementor-widget__width-initial elementor-widget elementor-widget-button\" data-id=\"b471d86\" data-element_type=\"widget\" data-e-type=\"widget\" data-widget_type=\"button.default\">\n\t\t\t\t<div class=\"elementor-widget-container\">\n\t\t\t\t\t\t\t\t\t<div class=\"elementor-button-wrapper\">\n\t\t\t\t\t<a class=\"elementor-button elementor-button-link elementor-size-md\" href=\"https:\/\/www.omniatravel.be\/fr\/privacy-policy\/\">\n\t\t\t\t\t\t<span class=\"elementor-button-content-wrapper\">\n\t\t\t\t\t\t\t\t\t<span class=\"elementor-button-text\">D\u00e9claration de respect de la vie priv\u00e9e Omnia Travel<\/span>\n\t\t\t\t\t<\/span>\n\t\t\t\t\t<\/a>\n\t\t\t\t<\/div>\n\t\t\t\t\t\t\t\t<\/div>\n\t\t\t\t<\/div>\n\t\t\t\t<div class=\"elementor-element elementor-element-67c3acc elementor-align-justify elementor-widget__width-initial elementor-widget elementor-widget-button\" data-id=\"67c3acc\" data-element_type=\"widget\" data-e-type=\"widget\" data-widget_type=\"button.default\">\n\t\t\t\t<div class=\"elementor-widget-container\">\n\t\t\t\t\t\t\t\t\t<div class=\"elementor-button-wrapper\">\n\t\t\t\t\t<a class=\"elementor-button elementor-button-link elementor-size-md\" href=\"https:\/\/www.omniatravel.be\/wp-content\/uploads\/2024\/01\/KBC-Assurance-Voyage-Omnia-Travel.pdf\" target=\"_blank\">\n\t\t\t\t\t\t<span class=\"elementor-button-content-wrapper\">\n\t\t\t\t\t\t\t\t\t<span class=\"elementor-button-text\">KBC Assurance voyage Omnia Travel<\/span>\n\t\t\t\t\t<\/span>\n\t\t\t\t\t<\/a>\n\t\t\t\t<\/div>\n\t\t\t\t\t\t\t\t<\/div>\n\t\t\t\t<\/div>\n\t\t\t\t<div class=\"elementor-element elementor-element-784645a elementor-align-justify elementor-widget__width-initial elementor-widget elementor-widget-button\" data-id=\"784645a\" data-element_type=\"widget\" data-e-type=\"widget\" data-widget_type=\"button.default\">\n\t\t\t\t<div class=\"elementor-widget-container\">\n\t\t\t\t\t\t\t\t\t<div class=\"elementor-button-wrapper\">\n\t\t\t\t\t<a class=\"elementor-button elementor-button-link elementor-size-md\" href=\"https:\/\/www.omniatravel.be\/wp-content\/uploads\/2024\/01\/IPID_Frans.pdf\" target=\"_blank\">\n\t\t\t\t\t\t<span class=\"elementor-button-content-wrapper\">\n\t\t\t\t\t\t\t\t\t<span class=\"elementor-button-text\">La fiche IPID Police assurance KBC Omnia Travel<\/span>\n\t\t\t\t\t<\/span>\n\t\t\t\t\t<\/a>\n\t\t\t\t<\/div>\n\t\t\t\t\t\t\t\t<\/div>\n\t\t\t\t<\/div>\n\t\t\t\t<div class=\"elementor-element elementor-element-f8f5bf6 elementor-align-justify elementor-widget__width-initial elementor-widget elementor-widget-button\" data-id=\"f8f5bf6\" data-element_type=\"widget\" data-e-type=\"widget\" data-widget_type=\"button.default\">\n\t\t\t\t<div class=\"elementor-widget-container\">\n\t\t\t\t\t\t\t\t\t<div class=\"elementor-button-wrapper\">\n\t\t\t\t\t<a class=\"elementor-button elementor-button-link elementor-size-md\" href=\"https:\/\/www.omniatravel.be\/wp-content\/uploads\/2024\/01\/KBC-Reisverzekering-Schoolreizen.pdf\" target=\"_blank\">\n\t\t\t\t\t\t<span class=\"elementor-button-content-wrapper\">\n\t\t\t\t\t\t\t\t\t<span class=\"elementor-button-text\">KBC Reisverzekering schoolreizen<\/span>\n\t\t\t\t\t<\/span>\n\t\t\t\t\t<\/a>\n\t\t\t\t<\/div>\n\t\t\t\t\t\t\t\t<\/div>\n\t\t\t\t<\/div>\n\t\t\t\t<div class=\"elementor-element elementor-element-f4e5ad7 elementor-align-justify elementor-widget__width-initial elementor-widget elementor-widget-button\" data-id=\"f4e5ad7\" data-element_type=\"widget\" data-e-type=\"widget\" data-widget_type=\"button.default\">\n\t\t\t\t<div class=\"elementor-widget-container\">\n\t\t\t\t\t\t\t\t\t<div class=\"elementor-button-wrapper\">\n\t\t\t\t\t<a class=\"elementor-button elementor-button-link elementor-size-md\" href=\"https:\/\/www.omniatravel.be\/wp-content\/uploads\/2022\/01\/VAB-IPID-Assistance-Voyage-Police-Temporaire-conditions-generales.pdf\" target=\"_blank\">\n\t\t\t\t\t\t<span class=\"elementor-button-content-wrapper\">\n\t\t\t\t\t\t\t\t\t<span class=\"elementor-button-text\">VAB Assistance voyage et fiche IPID<\/span>\n\t\t\t\t\t<\/span>\n\t\t\t\t\t<\/a>\n\t\t\t\t<\/div>\n\t\t\t\t\t\t\t\t<\/div>\n\t\t\t\t<\/div>\n\t\t\t\t<div class=\"elementor-element elementor-element-1950d5c elementor-align-justify elementor-widget__width-initial elementor-widget elementor-widget-button\" data-id=\"1950d5c\" data-element_type=\"widget\" data-e-type=\"widget\" data-widget_type=\"button.default\">\n\t\t\t\t<div class=\"elementor-widget-container\">\n\t\t\t\t\t\t\t\t\t<div class=\"elementor-button-wrapper\">\n\t\t\t\t\t<a class=\"elementor-button elementor-button-link elementor-size-md\" href=\"https:\/\/www.omniatravel.be\/wp-content\/uploads\/2024\/05\/Formule_Reis_Annulatie_Bagage_Tijdelijk-04.23-NL.pdf\" target=\"_blank\">\n\t\t\t\t\t\t<span class=\"elementor-button-content-wrapper\">\n\t\t\t\t\t\t\t\t\t<span class=\"elementor-button-text\">VAB Assurance voyage et fiche IPID Omnia Travel<\/span>\n\t\t\t\t\t<\/span>\n\t\t\t\t\t<\/a>\n\t\t\t\t<\/div>\n\t\t\t\t\t\t\t\t<\/div>\n\t\t\t\t<\/div>\n\t\t\t\t<div class=\"elementor-element elementor-element-9bae2d2 elementor-align-justify elementor-widget__width-initial elementor-widget elementor-widget-button\" data-id=\"9bae2d2\" data-element_type=\"widget\" data-e-type=\"widget\" data-widget_type=\"button.default\">\n\t\t\t\t<div class=\"elementor-widget-container\">\n\t\t\t\t\t\t\t\t\t<div class=\"elementor-button-wrapper\">\n\t\t\t\t\t<a class=\"elementor-button elementor-button-link elementor-size-md\" href=\"https:\/\/www.omniatravel.be\/wp-content\/uploads\/2024\/05\/Formule_Reis_Annulatie_Bagage_Tijdelijk-04.23-NL.pdf\" target=\"_blank\">\n\t\t\t\t\t\t<span class=\"elementor-button-content-wrapper\">\n\t\t\t\t\t\t\t\t\t<span class=\"elementor-button-text\">VAB Assurance annulation de voyage et fiche IPID<\/span>\n\t\t\t\t\t<\/span>\n\t\t\t\t\t<\/a>\n\t\t\t\t<\/div>\n\t\t\t\t\t\t\t\t<\/div>\n\t\t\t\t<\/div>\n\t\t\t\t\t<\/div>\n\t\t\t\t<\/div>\n\t\t<div class=\"elementor-element elementor-element-6f7426d e-flex e-con-boxed e-con e-parent\" data-id=\"6f7426d\" data-element_type=\"container\" data-e-type=\"container\">\n\t\t\t\t\t<div class=\"e-con-inner\">\n\t\t\t\t<div class=\"elementor-element elementor-element-f21d243 elementor-widget elementor-widget-heading\" data-id=\"f21d243\" data-element_type=\"widget\" data-e-type=\"widget\" data-widget_type=\"heading.default\">\n\t\t\t\t<div class=\"elementor-widget-container\">\n\t\t\t\t\t<h2 class=\"elementor-heading-title elementor-size-default\">Dispositions l\u00e9gales<\/h2>\t\t\t\t<\/div>\n\t\t\t\t<\/div>\n\t\t\t\t<div class=\"elementor-element elementor-element-d3a8fa3 elementor-widget elementor-widget-text-editor\" data-id=\"d3a8fa3\" data-element_type=\"widget\" data-e-type=\"widget\" data-widget_type=\"text-editor.default\">\n\t\t\t\t<div class=\"elementor-widget-container\">\n\t\t\t\t\t\t\t\t\t<p>Veuillez lire les pr\u00e9sentes conditions de vente avant de r\u00e9server un voyage. Si vous avez moins de 18 ans, vous devez avoir l\u2019autorisation de l\u2019un de vos parents ou de votre tuteur pour r\u00e9server et\/ou payer un voyage.<\/p>\n<p>Le site marchand <a href=\"https:\/\/www.omniatravel.be\/fr\">www.omniatravel.be<\/a> est un site d\u2019e-commerce accessible en ligne ouvert \u00e0 tout internaute et r\u00e9gi par la loi du 11\/03\/2003 sur le commerce \u00e9lectronique (M.B. 17 mars 2003).<\/p>\n<p>Omnia Travel sa. recommande de toujours imprimer ou copier et de conserver soigneusement toutes les informations relatives \u00e0 la transaction, ainsi que les conditions et dispositions (g\u00e9n\u00e9rales) de chaque fournisseur.<\/p>\n<p>Par son utilisation du site web d\u2019Omnia Travel sa., le client marque son accord tacite avec les conditions de voyage et autres dispositions, ainsi qu\u2019avec la politique d\u2019Omnia Travel sa. en mati\u00e8re de protection de la vie priv\u00e9e.<\/p>\n<p>Les informations, logiciels, produits et services publi\u00e9s sur ce site peuvent contenir des impr\u00e9cisions ou erreurs typographiques. Ces informations sont actualis\u00e9es p\u00e9riodiquement. Omnia Travel sa., ses partenaires et\/ou fournisseurs se r\u00e9servent le droit d\u2019apporter \u00e0 tout moment des am\u00e9liorations et\/ou modifications sur ce site web.<\/p>\n<p>Omnia Travel sa., ses partenaires et\/ou fournisseurs d\u00e9clinent toute responsabilit\u00e9 quant \u00e0 l\u2019exactitude et\/ou la valeur des informations, logiciels, produits et services fournis.<\/p>\n<p>Omnia Travel sa. d\u00e9cline toute responsabilit\u00e9 pour tout dommage au mat\u00e9riel informatique du client\/de l\u2019utilisateur caus\u00e9 par l\u2019utilisation ou le t\u00e9l\u00e9chargement de mat\u00e9riel, donn\u00e9es, texte, images, vid\u00e9os ou sons de ce site web.<\/p>\n<p>Omnia Travel sa. , ses partenaires et\/ou fournisseurs d\u00e9clinent toute responsabilit\u00e9 pour tout dommage direct, indirect, accessoire, sp\u00e9cial ou cons\u00e9cutif r\u00e9sultant de l\u2019utilisation de ce site, de l\u2019impossibilit\u00e9 d\u2019y acc\u00e9der rapidement ou de son utilisation \u00e0 des fins autres que celles pour lesquelles il a \u00e9t\u00e9 con\u00e7u, ou d\u00e9coulant de l\u2019utilisation d\u2019informations, logiciels, produits et services obtenus via ce site web, ou d\u00e9coulant d\u2019une mani\u00e8re quelconque de l\u2019utilisation de ce site, en vertu d\u2019un contrat, d\u2019un acte illicite, de la responsabilit\u00e9 au sens strict ou autre.<\/p>\n<p>Omnia Travel sa. , ses partenaires et\/ou fournisseurs d\u00e9clinent toute responsabilit\u00e9 quant aux hyperliens. Les hyperliens visent exclusivement \u00e0 renvoyer vers d\u2019autres sites. Omnia Travel sa. ne g\u00e8re pas ces sites et d\u00e9cline d\u00e8s lors toute responsabilit\u00e9 quant \u00e0 leur contenu. Le fait qu\u2019Omnia Travel sa. reprenne sur son site des hyperliens vers des sites de tiers n\u2019implique pas qu\u2019Omnia Travel sa. certifie l\u2019exactitude de leur contenu ni qu\u2019elle est associ\u00e9e d\u2019une mani\u00e8re quelconque avec leurs exploitants.<\/p>\n<p>Omnia Travel sa. especte la vie priv\u00e9e de tous les utilisateurs de son site web et veille \u00e0 ce que les donn\u00e9es \u00e0 caract\u00e8re personnel les concernant soient trait\u00e9es de mani\u00e8re confidentielle. Omnia Travel sa. s\u2019engage \u00e0 ne pas vendre \u00e0 des tiers les donn\u00e9es \u00e0 caract\u00e8re personnel concernant ses utilisateurs et \u00e0 les mettre exclusivement \u00e0 la disposition des tiers intervenant dans l\u2019ex\u00e9cution de la r\u00e9servation.<\/p>\n<p>Omnia Travel sa. attire l\u2019attention du client sur le fait que le prix des billets est constitu\u00e9 de plusieurs \u00e9l\u00e9ments \u2013 notamment de frais de dossier pour d\u2019Omnia Travel sa. (en plus du tarif de base, des frais de bagage, des taxes, etc.), que le client est tenu de conserver les documents de voyage requis sur lui pendant le voyage, que la r\u00e9servation s\u00e9par\u00e9e de vols retours peut occasionner des difficult\u00e9s ou engendrer des frais suppl\u00e9mentaires, et qu\u2019en cas de modification et\/ou d\u2019annulation, des frais suppl\u00e9mentaires peuvent \u00eatre port\u00e9s en compte.<\/p>\n<p>Les <a href=\"https:\/\/www.omniatravel.be\/fr\/conditions-generales\/#algemene-voorwaarden\">Conditions g\u00e9n\u00e9rales de voyage<\/a> s\u2019appliquent \u00e0 tous les voyages organis\u00e9s par Omnia Travel SA..<\/p>\n<p>Ces conditions g\u00e9n\u00e9rales sont toujours <span style=\"text-decoration: underline;\">compl\u00e9t\u00e9es<\/span> par des <a href=\"https:\/\/www.omniatravel.be\/nl\/wettelijke-bepalingen\/bijzondere-reisvoorwaarden\/\" target=\"_blank\" rel=\"noopener\">Conditions particuli\u00e8res de voyage<\/a> . Ces conditions particuli\u00e8res varient en fonction du type de voyage et sont sp\u00e9cifiques d\u2019Omnia Travel sa. les conditions particuli\u00e8res priment les conditions g\u00e9n\u00e9rales lorsque celles-ci sont d\u2019application. Elles sont sp\u00e9cifi\u00e9es ci-apr\u00e8s par type de voyage.<\/p>\n\t\t\t\t\t\t\t\t<\/div>\n\t\t\t\t<\/div>\n\t\t\t\t\t<\/div>\n\t\t\t\t<\/div>\n\t\t<div class=\"elementor-element elementor-element-1817119 e-flex e-con-boxed e-con e-parent\" data-id=\"1817119\" data-element_type=\"container\" data-e-type=\"container\">\n\t\t\t\t\t<div class=\"e-con-inner\">\n\t\t\t\t<div class=\"elementor-element elementor-element-e8a9283 elementor-widget elementor-widget-menu-anchor\" data-id=\"e8a9283\" data-element_type=\"widget\" data-e-type=\"widget\" data-widget_type=\"menu-anchor.default\">\n\t\t\t\t<div class=\"elementor-widget-container\">\n\t\t\t\t\t\t\t<div class=\"elementor-menu-anchor\" id=\"conditions-generales\"><\/div>\n\t\t\t\t\t\t<\/div>\n\t\t\t\t<\/div>\n\t\t\t\t<div class=\"elementor-element elementor-element-bc76dc1 elementor-widget elementor-widget-heading\" data-id=\"bc76dc1\" data-element_type=\"widget\" data-e-type=\"widget\" data-widget_type=\"heading.default\">\n\t\t\t\t<div class=\"elementor-widget-container\">\n\t\t\t\t\t<h2 class=\"elementor-heading-title elementor-size-default\">Conditions g\u00e9n\u00e9rales de la commission de litiges voyages<\/h2>\t\t\t\t<\/div>\n\t\t\t\t<\/div>\n\t\t\t\t<div class=\"elementor-element elementor-element-752c83a elementor-widget elementor-widget-text-editor\" data-id=\"752c83a\" data-element_type=\"widget\" data-e-type=\"widget\" data-widget_type=\"text-editor.default\">\n\t\t\t\t<div class=\"elementor-widget-container\">\n\t\t\t\t\t\t\t\t\t<p>Le 1er juillet 2018, la nouvelle loi belge du 21 novembre 2017 relative \u00e0 la vente de vacances \u00e0 forfait, de voyages li\u00e9s et de services de voyage, est entr\u00e9e en vigueur. l s\u2019agit de la mise en \u0153uvre de la directive 2015\/2302 \/ UE du Parlement europ\u00e9en et du Conseil du 25 novembre 2015 sur les voyages organis\u00e9s et la r\u00e9servation de voyages li\u00e9s. &nbsp;A partir de ce 1er juillet 2018, une distinction est donc faite entre 3 types de voyages, et donc des conditions g\u00e9n\u00e9rales li\u00e9es \u00e0 ceux-ci. Ci-dessous, vous pouvez consulter les conditions g\u00e9n\u00e9rales de la Commission des litiges de voyage concernant les services de voyage, les voyages \u00e0 forfait et les voyages li\u00e9s.<\/p>\n\t\t\t\t\t\t\t\t<\/div>\n\t\t\t\t<\/div>\n\t\t\t\t\t<\/div>\n\t\t\t\t<\/div>\n\t\t<div class=\"elementor-element elementor-element-048ce83 e-flex e-con-boxed e-con e-parent\" data-id=\"048ce83\" data-element_type=\"container\" data-e-type=\"container\">\n\t\t\t\t\t<div class=\"e-con-inner\">\n\t\t\t\t<div class=\"elementor-element elementor-element-6b4e8b1 elementor-align-center elementor-widget elementor-widget-button\" data-id=\"6b4e8b1\" data-element_type=\"widget\" data-e-type=\"widget\" data-widget_type=\"button.default\">\n\t\t\t\t<div class=\"elementor-widget-container\">\n\t\t\t\t\t\t\t\t\t<div class=\"elementor-button-wrapper\">\n\t\t\t\t\t<a class=\"elementor-button elementor-button-link elementor-size-md\" href=\"https:\/\/www.omniatravel.be\/wp-content\/uploads\/2023\/12\/Conditions-generales-Vente-Services-de-Voyage-applicable-aux-nouvelles-reservations-a-partir-du-1-janvier-2024.pdf\">\n\t\t\t\t\t\t<span class=\"elementor-button-content-wrapper\">\n\t\t\t\t\t\t\t\t\t<span class=\"elementor-button-text\">Conditions g\u00e9n\u00e9rales pour la vente de services de voyage<\/span>\n\t\t\t\t\t<\/span>\n\t\t\t\t\t<\/a>\n\t\t\t\t<\/div>\n\t\t\t\t\t\t\t\t<\/div>\n\t\t\t\t<\/div>\n\t\t\t\t<div class=\"elementor-element elementor-element-4cd93af elementor-align-center elementor-widget elementor-widget-button\" data-id=\"4cd93af\" data-element_type=\"widget\" data-e-type=\"widget\" data-widget_type=\"button.default\">\n\t\t\t\t<div class=\"elementor-widget-container\">\n\t\t\t\t\t\t\t\t\t<div class=\"elementor-button-wrapper\">\n\t\t\t\t\t<a class=\"elementor-button elementor-button-link elementor-size-md\" href=\"https:\/\/www.omniatravel.be\/wp-content\/uploads\/2023\/12\/Conditions-generales-voyages-a-forfait-applicable-aux-nouvelles-reservations-a-partir-du-1-janvier-2024.pdf\">\n\t\t\t\t\t\t<span class=\"elementor-button-content-wrapper\">\n\t\t\t\t\t\t\t\t\t<span class=\"elementor-button-text\">Conditions g\u00e9n\u00e9rales pour les voyages \u00e0 forfait<\/span>\n\t\t\t\t\t<\/span>\n\t\t\t\t\t<\/a>\n\t\t\t\t<\/div>\n\t\t\t\t\t\t\t\t<\/div>\n\t\t\t\t<\/div>\n\t\t\t\t<div class=\"elementor-element elementor-element-ffc1d6d elementor-align-center elementor-widget elementor-widget-button\" data-id=\"ffc1d6d\" data-element_type=\"widget\" data-e-type=\"widget\" data-widget_type=\"button.default\">\n\t\t\t\t<div class=\"elementor-widget-container\">\n\t\t\t\t\t\t\t\t\t<div class=\"elementor-button-wrapper\">\n\t\t\t\t\t<a class=\"elementor-button elementor-button-link elementor-size-md\" href=\"https:\/\/www.omniatravel.be\/wp-content\/uploads\/2023\/12\/Conditions-generales-Prestations-Voyages-Liees-applicable-aux-nouvelles-reservations-a-partir-du-1-janvier-2024.pdf\">\n\t\t\t\t\t\t<span class=\"elementor-button-content-wrapper\">\n\t\t\t\t\t\t\t\t\t<span class=\"elementor-button-text\">Conditions g\u00e9n\u00e9rales pour les prestations de voyages li\u00e9es<\/span>\n\t\t\t\t\t<\/span>\n\t\t\t\t\t<\/a>\n\t\t\t\t<\/div>\n\t\t\t\t\t\t\t\t<\/div>\n\t\t\t\t<\/div>\n\t\t\t\t\t<\/div>\n\t\t\t\t<\/div>\n\t\t\t\t<\/div>\n\t\t","protected":false},"excerpt":{"rendered":"<p>Nos conditions g\u00e9n\u00e9rales Toutes les dispositions l\u00e9gales, conditions g\u00e9n\u00e9rales et particuli\u00e8res applicables Conditions g\u00e9n\u00e9rales de voyage Conditions particuli\u00e8res de voyage Formulair d&rsquo;information standard D\u00e9claration de respect de la vie priv\u00e9e Omnia Travel KBC Assurance voyage Omnia Travel La fiche IPID Police assurance KBC Omnia Travel KBC Reisverzekering schoolreizen VAB Assistance voyage et fiche IPID VAB [&hellip;]<\/p>\n","protected":false},"author":8,"featured_media":0,"parent":0,"menu_order":0,"comment_status":"closed","ping_status":"closed","template":"","meta":{"footnotes":""},"class_list":["post-15846","page","type-page","status-publish","hentry"],"_links":{"self":[{"href":"https:\/\/www.omniatravel.be\/fr\/wp-json\/wp\/v2\/pages\/15846","targetHints":{"allow":["GET"]}}],"collection":[{"href":"https:\/\/www.omniatravel.be\/fr\/wp-json\/wp\/v2\/pages"}],"about":[{"href":"https:\/\/www.omniatravel.be\/fr\/wp-json\/wp\/v2\/types\/page"}],"author":[{"embeddable":true,"href":"https:\/\/www.omniatravel.be\/fr\/wp-json\/wp\/v2\/users\/8"}],"replies":[{"embeddable":true,"href":"https:\/\/www.omniatravel.be\/fr\/wp-json\/wp\/v2\/comments?post=15846"}],"version-history":[{"count":38,"href":"https:\/\/www.omniatravel.be\/fr\/wp-json\/wp\/v2\/pages\/15846\/revisions"}],"predecessor-version":[{"id":23164,"href":"https:\/\/www.omniatravel.be\/fr\/wp-json\/wp\/v2\/pages\/15846\/revisions\/23164"}],"wp:attachment":[{"href":"https:\/\/www.omniatravel.be\/fr\/wp-json\/wp\/v2\/media?parent=15846"}],"curies":[{"name":"wp","href":"https:\/\/api.w.org\/{rel}","templated":true}]}}