{"id":14836,"date":"2023-06-21T10:43:31","date_gmt":"2023-06-21T08:43:31","guid":{"rendered":"https:\/\/www.omniatravel.be\/privacy-policy\/"},"modified":"2024-01-06T02:23:14","modified_gmt":"2024-01-06T00:23:14","slug":"privacy-policy","status":"publish","type":"page","link":"https:\/\/www.omniatravel.be\/fr\/privacy-policy\/","title":{"rendered":"Politique en mati\u00e8re de respect de la vie priv\u00e9e Omnia Travel"},"content":{"rendered":"\t\t<div data-elementor-type=\"wp-page\" data-elementor-id=\"14836\" class=\"elementor elementor-14836 elementor-3\" data-elementor-post-type=\"page\">\n\t\t\t\t<div class=\"elementor-element elementor-element-b930eee e-con-full e-flex e-con e-parent\" data-id=\"b930eee\" data-element_type=\"container\" data-e-type=\"container\" data-settings=\"{&quot;background_background&quot;:&quot;classic&quot;}\">\n\t\t<div class=\"elementor-element elementor-element-8dc5dbb e-flex e-con-boxed e-con e-child\" data-id=\"8dc5dbb\" data-element_type=\"container\" data-e-type=\"container\">\n\t\t\t\t\t<div class=\"e-con-inner\">\n\t\t\t\t<div class=\"elementor-element elementor-element-3b60201 elementor-widget elementor-widget-heading\" data-id=\"3b60201\" data-element_type=\"widget\" data-e-type=\"widget\" data-widget_type=\"heading.default\">\n\t\t\t\t<div class=\"elementor-widget-container\">\n\t\t\t\t\t<h1 class=\"elementor-heading-title elementor-size-default\">Politique en mati\u00e8re de respect de la vie priv\u00e9e Omnia Travel<\/h1>\t\t\t\t<\/div>\n\t\t\t\t<\/div>\n\t\t\t\t\t<\/div>\n\t\t\t\t<\/div>\n\t\t\t\t<\/div>\n\t\t<div class=\"elementor-element elementor-element-469e17b e-flex e-con-boxed e-con e-parent\" data-id=\"469e17b\" data-element_type=\"container\" data-e-type=\"container\">\n\t\t\t\t\t<div class=\"e-con-inner\">\n\t\t\t\t<div class=\"elementor-element elementor-element-dab0c14 elementor-widget elementor-widget-global elementor-global-12978 elementor-widget-shortcode\" data-id=\"dab0c14\" data-element_type=\"widget\" data-e-type=\"widget\" data-widget_type=\"shortcode.default\">\n\t\t\t\t<div class=\"elementor-widget-container\">\n\t\t\t\t\t\t\t<div class=\"elementor-shortcode\"><span style=\"font-family: Roboto-SelfHosted, sans-serif; font-size:0.82em;font-weight:normal;\"><nav aria-label=\"breadcrumbs\" class=\"rank-math-breadcrumb\"><p><span class=\"last\">Home<\/span><\/p><\/nav><\/span><\/div>\n\t\t\t\t\t\t<\/div>\n\t\t\t\t<\/div>\n\t\t\t\t\t<\/div>\n\t\t\t\t<\/div>\n\t\t<div class=\"elementor-element elementor-element-19ef9b88 e-flex e-con-boxed e-con e-parent\" data-id=\"19ef9b88\" data-element_type=\"container\" data-e-type=\"container\">\n\t\t\t\t\t<div class=\"e-con-inner\">\n\t\t<div class=\"elementor-element elementor-element-d1ebf13 e-flex e-con-boxed e-con e-child\" data-id=\"d1ebf13\" data-element_type=\"container\" data-e-type=\"container\">\n\t\t\t\t\t<div class=\"e-con-inner\">\n\t\t\t\t<div class=\"elementor-element elementor-element-b5f09fc elementor-widget elementor-widget-heading\" data-id=\"b5f09fc\" data-element_type=\"widget\" data-e-type=\"widget\" data-widget_type=\"heading.default\">\n\t\t\t\t<div class=\"elementor-widget-container\">\n\t\t\t\t\t<h1 class=\"elementor-heading-title elementor-size-default\">Politique en mati\u00e8re de respect de la vie priv\u00e9e<\/h1>\t\t\t\t<\/div>\n\t\t\t\t<\/div>\n\t\t\t\t<div class=\"elementor-element elementor-element-2f4b3767 elementor-widget elementor-widget-text-editor\" data-id=\"2f4b3767\" data-element_type=\"widget\" data-e-type=\"widget\" data-widget_type=\"text-editor.default\">\n\t\t\t\t<div class=\"elementor-widget-container\">\n\t\t\t\t\t\t\t\t\t<h4>A: Identit\u00e9 de l\u2019entreprise<\/h4>\n<p>Omnia Travel<br \/>Mgr. Ladeuzeplein 15, 3000 Leuven<br \/>T: 016 24 38 10<br \/>E: <a href=\"mailto:vakantiereizen@omniatravel.be\">vakantiereizen@omniatravel.be<\/a><br \/>W: <a href=\"https:\/\/www.omniatravel.be\/fr\/agences-de-voyages\/\">www.omniatravel.be\/fr\/agences-de-voyages\/<\/a><\/p>\n<p>\u00c0 moins que la relation entre Omnia Travel et le client ne soit autre (par exemple, en cas de voyages d\u2019affaires dans le cadre desquels la Omnia Travel est appel\u00e9e \u00e0 traiter les donn\u00e9es \u00e0 caract\u00e8re personnel de clients et de membres du personnel de ces clients), Omnia Travel est responsable du traitement des donn\u00e9es \u00e0 caract\u00e8re personnel dans le contexte d\u00e9crit dans la pr\u00e9sente d\u00e9claration en mati\u00e8re de respect de la vie priv\u00e9e.<\/p>\n<h4>B: Champ d\u2019application<\/h4>\n<p>La politique en mati\u00e8re de respect de la vie priv\u00e9e d\u2019Omnia Travel s\u2019applique aux donn\u00e9es \u00e0 caract\u00e8re personnel collect\u00e9es et trait\u00e9es par Omnia Travel.<br \/>Omnia Travel informe toujours clairement ses clients sur les finalit\u00e9s de la collecte des donn\u00e9es \u00e0 caract\u00e8re personnel. La pr\u00e9sente d\u00e9claration en mati\u00e8re de respect de la vie priv\u00e9e r\u00e9sume, en toute transparence, la mani\u00e8re dont Omnia Travel collecte, utilise, g\u00e8re, traite et partage les donn\u00e9es \u00e0 caract\u00e8re personnel de ses clients. <\/p>\n<h4>C: Cadre juridique<\/h4>\n<p>La pr\u00e9sente d\u00e9claration rel\u00e8ve du R\u00e8glement (UE) 2016\/679 du Parlement europ\u00e9en et du Conseil du 27 avril 2016 relatif \u00e0 la protection des personnes physiques \u00e0 l\u2019\u00e9gard du traitement des donn\u00e9es \u00e0 caract\u00e8re personnel et \u00e0 la libre circulation de ces donn\u00e9es, et abrogeant la directive 95\/46\/CE du 24 octobre 1995 relative \u00e0 la protection des personnes physiques \u00e0 l\u2019\u00e9gard du traitement des donn\u00e9es \u00e0 caract\u00e8re personnel et \u00e0 la libre circulation de ces donn\u00e9es. Au niveau belge, la loi du 30 juillet 2018 relative \u00e0 la protection des personnes physiques \u00e0 l\u2019\u00e9gard des traitements de donn\u00e9es \u00e0 caract\u00e8re personnel est d\u2019application. <\/p>\n<h4>D: Donn\u00e9es trait\u00e9es<\/h4>\n<p>Omnia Travel s\u2019engage \u00e0 ne r\u00e9clamer que les donn\u00e9es \u00e0 caract\u00e8re personnel indispensables \u00e0 la r\u00e9alisation des buts vis\u00e9s.<\/p>\n<p>Elle peut par cons\u00e9quent collecter et traiter, \u00e0 propos de vous, les informations suivantes:<\/p>\n<ul>\n<li>nom, pr\u00e9nom, adresse \u00e9lectronique, t\u00e9l\u00e9phone, adresse;<\/li>\n<li>nationalit\u00e9, date de naissance, lieu de naissance, sexe, type de document de voyage (passeport ou carte d\u2019identit\u00e9, par exemple), num\u00e9ro de carte d\u2019identit\u00e9, date d\u2019\u00e9mission et date d\u2019expiration, pays d\u2019\u00e9mission du document de voyage;<\/li>\n<li>des informations (nom, pr\u00e9nom, nationalit\u00e9, \u00e2ge, etc.) sur les personnes qui voyagent avec vous;<\/li>\n<li>des informations sur la transaction, dont les donn\u00e9es relatives \u00e0 la carte de paiement que vous avez utilis\u00e9e pour l\u2019achat de votre voyage;<\/li>\n<li>des informations relatives aux vols et aux services fournis dans le cadre de ces vols (d\u00e9claration de perte de bagages, par exemple);<\/li>\n<li>les \u00e9changes entre vous et Omnia Travel (courriers \u00e9lectroniques, lettres, appels t\u00e9l\u00e9phoniques et messages sur le service chat d\u2019Omnia Travel, par exemple);<\/li>\n<li>les messages que vous publiez sur les r\u00e9seaux sociaux \u00e0 l\u2019intention d\u2019Omnia Travel;<\/li>\n<li>vos r\u00e9actions;<\/li>\n<li>les destinations que vous demandez;<\/li>\n<li>l\u2019aide sp\u00e9cifique et les r\u00e9gimes sp\u00e9ciaux \u00e9ventuellement requis;<\/li>\n<li>des informations \u00e0 propos de votre sant\u00e9, si vous souffrez d\u2019une affection m\u00e9dicale susceptible d\u2019influer sur votre vol;<\/li>\n<li>des donn\u00e9es \u00e0 caract\u00e8re personnel sensibles : il se peut que pour vous fournir certains services, Omnia Travel ait besoin d\u2019informations \u00e0 propos de vos origines raciales ou ethniques, de votre sant\u00e9 physique ou mentale ou de vos convictions religieuses. Consid\u00e9r\u00e9es comme des donn\u00e9es \u00e0 caract\u00e8re personnel sensibles, ces informations rel\u00e8vent de la l\u00e9gislation relative \u00e0 la protection des donn\u00e9es. Omnia Travel ne collecte ces informations qu\u2019\u00e0 condition que vous l\u2019y ayez explicitement autoris\u00e9e, qu\u2019elles soient indispensables pour des raisons d\u2019int\u00e9r\u00eat g\u00e9n\u00e9ral, ou que vous les ayez sciemment rendues publiques.  <br \/><span style=\"text-decoration: underline;\">Les donn\u00e9es \u00e0 caract\u00e8re personnel sensibles peuvent \u00eatre collect\u00e9es dans les circonstances suivantes:<br \/><\/span>1. si vous souffrez d\u2019une affection m\u00e9dicale sp\u00e9cifique, il vous faut en informer Omnia Travel pour votre propre s\u00e9curit\u00e9 et, au besoin, produire un certificat m\u00e9dical<br \/>2. si vous avez besoin d\u2019une assistance sp\u00e9ciale pendant le vol (un fauteuil roulant, par exemple)<br \/>3. certains r\u00e9gimes alimentaires sp\u00e9cifiques peuvent \u00eatre le r\u00e9sultat de convictions religieuses<br \/>4. la nationalit\u00e9 pr\u00e9cis\u00e9e dans vos documents de voyage peut permettre de d\u00e9duire vos origines raciales ou ethniques<\/li>\n<\/ul>\n<p>Le fait de lui communiquer des donn\u00e9es \u00e0 caract\u00e8re personnel sensibles vaut autorisation explicite, pour Omnia Travel, de collecter et d\u2019utiliser ces donn\u00e9es conform\u00e9ment \u00e0 la pr\u00e9sente politique en mati\u00e8re de respect de la vie priv\u00e9e, dans le but de vous fournir des services.<br \/>Si vous ne l\u2019autorisez pas \u00e0 traiter les informations personnelles sensibles qui vous concernent, Omnia Travel pourrait ne pas \u00eatre en mesure de vous fournir tout ou partie des services demand\u00e9s. En pareil cas, aucune des sommes d\u2019ores et d\u00e9j\u00e0 pay\u00e9es ne vous sera rembours\u00e9e. <\/p>\n<h4>E: Finalit\u00e9s du traitement<\/h4>\n<p>Omnia Travel ne collecte vos donn\u00e9es \u00e0 caract\u00e8re personnel qu\u2019\u00e0 des fins bien pr\u00e9cises et l\u00e9gitimes, par exemple lorsque vous r\u00e9servez un vol aupr\u00e8s d\u2019elle, que vous utilisez ses services ou que vous prenez contact avec elle.<\/p>\n<p>Omnia Travel utilise vos donn\u00e9es \u00e0 caract\u00e8re personnel aux fins suivantes:<\/p>\n<ul>\n<li>pour g\u00e9rer vos r\u00e9servations et vous fournir les services demand\u00e9s;<\/li>\n<li>pour communiquer avec vous;<\/li>\n<li>pour vous remettre vos billets d\u2019avion, proc\u00e9der aux enregistrements et effectuer vos r\u00e9servations (h\u00f4tels, restaurants, transports, etc.). Omnia Travel utilise \u00e9galement vos donn\u00e9es \u00e0 caract\u00e8re personnel pour proc\u00e9der aux modifications de r\u00e9servations demand\u00e9es; <\/li>\n<li>pour vous avertir des changements survenus au niveau des vols ou vous signaler toute autre circonstance susceptible d\u2019influer sur vos projets de voyage, comme l\u2019existence de travaux de voirie \u00e0 proximit\u00e9 des a\u00e9roports d\u2019o\u00f9 vous allez d\u00e9coller;<\/li>\n<li>pour prendre contact avec vous par courrier \u00e9lectronique et\/ou par SMS pour des motifs d\u2019ordre administratif ou op\u00e9rationnel, par exemple pour vous adresser une confirmation de r\u00e9servation ou de paiement, pour vous communiquer les horaires de voyage ou pour vous signaler tout retard et toute modification au niveau de vos vols. Si vous utilisez l\u2019application mobile Omnia Travel, ces messages pourront vous \u00eatre adress\u00e9s par ce biais \u00e9galement. Ces communications n\u2019ayant pas caract\u00e8re commercial, vous les recevrez m\u00eame si vous avez refus\u00e9 de recevoir des messages \u00e0 caract\u00e8re commercial;  <\/li>\n<li>pour vous r\u00e9clamer, par courrier \u00e9lectronique et\/ou par SMS, vos impressions, puisque votre opinion compte \u00e9norm\u00e9ment pour Omnia Travel;<\/li>\n<li>pour comprendre ce qui vous int\u00e9resse, Omnia Travel peut collecter des informations sur la mani\u00e8re dont vous utilisez son site Internet, sur les pages que vous consultez le plus souvent et sur les vols, h\u00f4tels, offres, etc., que vous cherchez. Omnia Travel peut utiliser ces informations pour vous adresser des messages pertinents dont elle estime qu\u2019ils vous int\u00e9resseront, pour autant que vous ayez accept\u00e9 de recevoir des messages \u00e0 caract\u00e8re commercial ; <\/li>\n<li>pour adapter ses services \u00e0 vos besoins et pr\u00e9f\u00e9rences et pour vous offrir une exp\u00e9rience personnalis\u00e9e;<\/li>\n<li>les objectifs administratifs pour lesquels Omnia Travel utilise les informations qui vous concernent sont li\u00e9s \u00e0 la comptabilit\u00e9, \u00e0 la facturation et \u00e0 l\u2019audit, \u00e0 la v\u00e9rification de votre carte de cr\u00e9dit ou de toute autre carte de paiement utilis\u00e9e, au d\u00e9pistage de la fraude, \u00e0 la s\u00e9curit\u00e9, aux objectifs rendus obligatoires par la loi, \u00e0 l\u2019analyse statistique et commerciale, aux essais syst\u00e8mes, \u00e0 la maintenance et au d\u00e9veloppement.<\/li>\n<\/ul>\n<div> <\/div>\n<div> <\/div>\n<h4>F: Droit d\u2019acc\u00e8s, droit de correction et droit \u00e0 l\u2019oubli<\/h4>\n<p>Vous avez le droit de r\u00e9clamer l\u2019acc\u00e8s aux donn\u00e9es \u00e0 caract\u00e8re personnel dont Omnia Travel dispose \u00e0 votre sujet. Ainsi avez-vous le droit de consulter les informations relatives aux r\u00e9servations de vols effectu\u00e9es par son interm\u00e9diaire. <\/p>\n<p>Vous avez le droit d\u2019exiger la correction de certaines de vos donn\u00e9es. Si certaines des informations dont Omnia Travel dispose \u00e0 votre sujet sont erron\u00e9es, veuillez les faire rectifier aussi rapidement que possible, par exemple en prenant contact avec votre agence de voyages Omnia Travel. Omnia Travel rectifiera les donn\u00e9es erron\u00e9es dans les plus brefs d\u00e9lais.   <br \/>Certaines applications n\u2019admettent pas tous les caract\u00e8res utilis\u00e9s en fran\u00e7ais : Omnia Travel ne peut utiliser que les caract\u00e8res soutenus par les applications et leurs fournisseurs (par exemple, Ana\u00efs -&gt; ANAIS, Jean-Paul -&gt; JEANPAUL, Van Den Broecke -&gt; VANDENBROECKE). Cela ne signifie pas qu\u2019Omnia Travel commette des erreurs dans le traitement de vos donn\u00e9es mais que compte tenu des restrictions typographiques, certains accents, espaces, etc. peuvent ne pas \u00eatre pris en charge par les syst\u00e8mes.   <\/p>\n<p>Vous pouvez exiger la suppression de certaines donn\u00e9es, compte tenu, toutefois, des d\u00e9lais de conservation l\u00e9gaux et du fait qu\u2019Omnia Travel doit disposer, pour l\u2019ex\u00e9cution du contrat, d\u2019un certain nombre de donn\u00e9es. D\u00e8s lors, les donn\u00e9es \u00e0 caract\u00e8re personnel que vous souhaiterez faire supprimer le seront aussi rapidement que possible, \u00e0 condition qu\u2019Omnia Travel n\u2019ait pas de raisons l\u00e9gitimes de les conserver. <\/p>\n<p>Vous ne pouvez faire corriger ou supprimer que les donn\u00e9es que vous avez vous-m\u00eame fournies \u00e0 Omnia Travel, ou qui lui ont \u00e9t\u00e9 communiqu\u00e9es \u00e0 votre demande.<\/p>\n<p>N\u2019h\u00e9sitez pas \u00e0 prendre contact avec votre agence de voyages Omnia Travel pour toute question \u00e0 propos de vos donn\u00e9es \u00e0 caract\u00e8re personnel.<\/p>\n<h4>G: Droit d\u2019opposition<\/h4>\n<p>Vous avez le droit de vous opposer \u00e0 tout moment, pour des raisons li\u00e9es \u00e0 votre situation sp\u00e9cifique, au traitement de vos donn\u00e9es \u00e0 caract\u00e8re personnel. Omnia Travel cessera de traiter vos donn\u00e9es \u00e0 caract\u00e8re personnel, \u00e0 moins de disposer de motifs l\u00e9gitimes et imp\u00e9rieux qui pr\u00e9valent sur vos int\u00e9r\u00eats, droits et libert\u00e9s. <\/p>\n<h4>H: Droit \u00e0 la portabilit\u00e9 des donn\u00e9es<\/h4>\n<p>Vous avez le droit d\u2019exiger d\u2019Omnia Travel qu\u2019elle transmette \u00e0 un autre fournisseur de services les donn\u00e9es que vous lui avez communiqu\u00e9es. Omnia Travel s\u2019engage \u00e0 fournir \u00e0 cet autre prestataire vos donn\u00e9es \u00e0 caract\u00e8re personnel dans un format structur\u00e9, couramment utilis\u00e9 et lisible. <br \/>Lorsque vous exercez votre droit \u00e0 la portabilit\u00e9, vous pouvez exiger, pour autant que cela soit techniquement possible, que les donn\u00e9es vous soient envoy\u00e9es ou soient envoy\u00e9es \u00e0 l\u2019autre prestataire de services directement.<\/p>\n<h4>I: S\u00e9curit\u00e9 du traitement<\/h4>\n<p>Omnia Travel s\u2019engage \u00e0 prendre les mesures techniques et organisationnelles qui s\u2019imposent pour prot\u00e9ger vos donn\u00e9es \u00e0 caract\u00e8re personnel contre tout traitement non autoris\u00e9 ou illicite de m\u00eame que contre la perte, la destruction et la corruption d\u2019origine accidentelle. Les donn\u00e9es \u00e0 caract\u00e8re personnel que vous transmettez \u00e0 Omnia Travel par l\u2019interm\u00e9diaire de son site Internet ou de son application mobile transitent en toute s\u00e9curit\u00e9 par Internet gr\u00e2ce \u00e0 un encryptage tr\u00e8s efficace. <br \/>Omnia Travel utilise en outre, pour le traitement des informations des voyageurs et des clients, des logiciels conformes \u00e0 la norme PCI DSS; cela signifie que les donn\u00e9es relatives \u00e0 votre carte de paiement sont prot\u00e9g\u00e9es par des normes de s\u00e9curit\u00e9 extr\u00eamement strictes. <\/p>\n<h4>J: Parties tierces<\/h4>\n<p>Comme le pr\u00e9cise par ailleurs la pr\u00e9sente politique en mati\u00e8re de respect de la vie priv\u00e9e, Omnia Travel peut, si la fourniture de services le requiert, communiquer vos donn\u00e9es \u00e0 caract\u00e8re personnel \u00e0 des tiers. Si elle communique des donn\u00e9es \u00e0 caract\u00e8re personnel \u00e0 des tiers, Omnia Travel exige d\u2019eux qu\u2019ils prennent les mesures techniques et organisationnelles appropri\u00e9es pour les prot\u00e9ger. <br \/>Omnia Travel peut \u00eatre contrainte de communiquer vos donn\u00e9es \u00e0 caract\u00e8re personnel \u00e0 des tiers, parmi lesquels les services de contr\u00f4le des fronti\u00e8res et les services de s\u00e9curit\u00e9 des a\u00e9roports. Ces mesures ont pour objet de garantir votre s\u00e9curit\u00e9 et celle des personnes qui voyagent avec vous. Dans ces cas exceptionnels, Omnia Travel ne peut exercer qu\u2019un contr\u00f4le limit\u00e9 sur la fa\u00e7on dont ces tiers prot\u00e8gent vos donn\u00e9es \u00e0 caract\u00e8re personnel.  <br \/>Lorsque des donn\u00e9es \u00e0 caract\u00e8re personnel sont transf\u00e9r\u00e9es en dehors de l\u2019Espace \u00e9conomique europ\u00e9en (Union europ\u00e9enne + Islande, Liechtenstein et Norv\u00e8ge), Omnia Travel exige que des mesures de s\u00e9curit\u00e9 adapt\u00e9es soient prises.<\/p>\n<p>Omnia Travel fait appel aux cat\u00e9gories suivantes de parties tierces:<\/p>\n<ul>\n<li>H\u00f4tels et cha\u00eenes d\u2019h\u00f4tels (par exemple, Radisson, NH Hotels, RIU\u2026)<\/li>\n<li>Compagnies de transports (par exemple, Brussels Airlines, SNCB, Autocars Van Aerschot, MSC Cruises, Europcar\u2026)<\/li>\n<li>Contr\u00f4le des fronti\u00e8res et s\u00e9curit\u00e9 des a\u00e9roports<\/li>\n<li>Tour-op\u00e9rateurs (par exemple, TUI, Cosmic Travel, Pegase\u2026)<\/li>\n<li>Services suppl\u00e9mentaires en voyage (par exemple, restaurants, mus\u00e9es, concerts, visites de jardins\u2026)<\/li>\n<li>Fournisseurs de technologie (par exemple, Amadeus, Atriis, BTN, Koedia\u2026)<\/li>\n<\/ul>\n<div> <\/div>\n<div> <\/div>\n<h4>K: Notification en cas de fuite de donn\u00e9es<\/h4>\n<p>Omnia Travel s\u2019engage \u00e0 avertir l\u2019autorit\u00e9 de surveillance dans les plus brefs d\u00e9lais et au plus tard, 72 heures apr\u00e8s sa premi\u00e8re constatation, de toute fuite de donn\u00e9es entra\u00eenant des risques de violation des droits et libert\u00e9s des individus.<br \/>Omnia Travel vous signalera imm\u00e9diatement toute fuite de donn\u00e9es susceptible de nuire \u00e0 vos droits et libert\u00e9s.<\/p>\n<h4>L: P\u00e9riode de conservation des donn\u00e9es<\/h4>\n<p>Omnia Travel conserve vos donn\u00e9es \u00e0 caract\u00e8re personnel pendant les sept ans qui suivent la date de facturation.<br \/>Au terme de la p\u00e9riode de conservation ou en r\u00e9action \u00e0 une requ\u00eate valable de votre part, vos donn\u00e9es \u00e0 caract\u00e8re personnel seront supprim\u00e9es, \u00e0 moins qu\u2019un objectif d\u2019int\u00e9r\u00eat g\u00e9n\u00e9ral n\u2019en exige une conservation plus longue.<\/p>\n<h4>M: Messages \u00e0 caract\u00e8re commercial<\/h4>\n<p>Vous pouvez choisir de ne pas recevoir de messages \u00e0 caract\u00e8re commercial. Omnia Travel n\u2019adresse ses bulletins d\u2019information qu\u2019aux seuls clients qui l\u2019y ont volontairement et explicitement autoris\u00e9e. Les bulletins d\u2019information contiennent des d\u00e9tails sur les offres sp\u00e9ciales et sur les nouvelles destinations; ces offres elles-m\u00eames peuvent contenir des renseignements sur les vols et d\u2019autres produits annexes. \u00c0 moins que vous ne l\u2019y ayez express\u00e9ment autoris\u00e9e, Omnia Travel ne partage pas vos coordonn\u00e9es et autres donn\u00e9es \u00e0 caract\u00e8re personnel \u00e0 des fins commerciales avec des entreprises tierces.    <br \/>Vous pouvez notifier \u00e0 tout moment votre refus de recevoir des messages \u00e0 caract\u00e8re commercial, en exp\u00e9diant \u00e0 webmaster@omniatravel.be un courrier \u00e9lectronique intitul\u00e9 \u00abRGPD: fin communications commerciales\u00bb.<br \/>Vous pouvez \u00e9galement signifier ce refus \u00e0 l\u2019agence Omnia Travel de votre choix.<\/p>\n<h4>N: Cookies ou autres technologies de suivi<\/h4>\n<p>Cliquez <a href=\"https:\/\/www.omniatravel.be\/fr\/cookie-policy\/\">ici<\/a> pour la politique des cookies de Omnia SA.<\/p>\n<h4>O: Questions<\/h4>\n<p>N\u2019h\u00e9sitez pas \u00e0 adresser vos questions, remarques et demandes relatives \u00e0 la pr\u00e9sente politique en mati\u00e8re de respect de la vie priv\u00e9e \u00e0 <a href=\"mailto:gdpr@omniatravel.be\">gdpr@omniatravel.be<\/a>.<br \/>Si vous souhaitez introduire une r\u00e9clamation \u00e0 propos de l\u2019exercice de vos droits, nous vous sugg\u00e9rons d\u2019adresser un courrier \u00e9lectronique \u00e0 votre agence de voyages Omnia Travel. Les coordonn\u00e9es des agences Omnia Travel sont publi\u00e9es sur Internet, \u00e0 l\u2019adresse <a href=\"https:\/\/www.omniatravel.be\/fr\/agences-de-voyages\/\">https:\/\/www.omniatravel.be\/fr\/agences-de-voyages\/<\/a>. <\/p>\n\t\t\t\t\t\t\t\t<\/div>\n\t\t\t\t<\/div>\n\t\t\t\t\t<\/div>\n\t\t\t\t<\/div>\n\t\t\t\t\t<\/div>\n\t\t\t\t<\/div>\n\t\t\t\t<\/div>\n\t\t","protected":false},"excerpt":{"rendered":"<p>Politique en mati\u00e8re de respect de la vie priv\u00e9e Omnia Travel Politique en mati\u00e8re de respect de la vie priv\u00e9e A: Identit\u00e9 de l\u2019entreprise Omnia TravelMgr. Ladeuzeplein 15, 3000 LeuvenT: 016 24 38 10E: vakantiereizen@omniatravel.beW: www.omniatravel.be\/fr\/agences-de-voyages\/ \u00c0 moins que la relation entre Omnia Travel et le client ne soit autre (par exemple, en cas de [&hellip;]<\/p>\n","protected":false},"author":8,"featured_media":0,"parent":0,"menu_order":0,"comment_status":"closed","ping_status":"closed","template":"elementor_header_footer","meta":{"footnotes":""},"class_list":["post-14836","page","type-page","status-publish","hentry"],"_links":{"self":[{"href":"https:\/\/www.omniatravel.be\/fr\/wp-json\/wp\/v2\/pages\/14836","targetHints":{"allow":["GET"]}}],"collection":[{"href":"https:\/\/www.omniatravel.be\/fr\/wp-json\/wp\/v2\/pages"}],"about":[{"href":"https:\/\/www.omniatravel.be\/fr\/wp-json\/wp\/v2\/types\/page"}],"author":[{"embeddable":true,"href":"https:\/\/www.omniatravel.be\/fr\/wp-json\/wp\/v2\/users\/8"}],"replies":[{"embeddable":true,"href":"https:\/\/www.omniatravel.be\/fr\/wp-json\/wp\/v2\/comments?post=14836"}],"version-history":[{"count":15,"href":"https:\/\/www.omniatravel.be\/fr\/wp-json\/wp\/v2\/pages\/14836\/revisions"}],"predecessor-version":[{"id":15010,"href":"https:\/\/www.omniatravel.be\/fr\/wp-json\/wp\/v2\/pages\/14836\/revisions\/15010"}],"wp:attachment":[{"href":"https:\/\/www.omniatravel.be\/fr\/wp-json\/wp\/v2\/media?parent=14836"}],"curies":[{"name":"wp","href":"https:\/\/api.w.org\/{rel}","templated":true}]}}